{"id":91,"date":"2015-07-29T15:13:04","date_gmt":"2015-07-29T13:13:04","guid":{"rendered":"http:\/\/s567187253.online.de\/clickandbuilds\/test45\/?page_id=91"},"modified":"2020-06-10T10:12:21","modified_gmt":"2020-06-10T08:12:21","slug":"home","status":"publish","type":"page","link":"https:\/\/www.sepp-modellbau.de\/","title":{"rendered":"Home"},"content":{"rendered":"<div id=\"pl-91\"  class=\"panel-layout\" ><div id=\"pg-91-0\"  class=\"panel-grid panel-no-style\" ><div id=\"pgc-91-0-0\"  class=\"panel-grid-cell panel-grid-cell-empty\" ><\/div><\/div><div id=\"pg-91-1\"  class=\"panel-grid panel-has-style\" ><div class=\"siteorigin-panels-stretch panel-row-style panel-row-style-for-91-1\" data-stretch-type=\"full-stretched\" ><div id=\"pgc-91-1-0\"  class=\"panel-grid-cell panel-grid-cell-empty\" ><\/div><div id=\"pgc-91-1-1\"  class=\"panel-grid-cell panel-grid-cell-empty\" ><\/div><div id=\"pgc-91-1-2\"  class=\"panel-grid-cell\" ><div id=\"panel-91-1-2-0\" class=\"so-panel widget widget_sow-headline panel-first-child panel-last-child\" data-index=\"0\" ><div class=\"panel-widget-style panel-widget-style-for-91-1-2-0\" ><div\n\t\t\t\n\t\t\tclass=\"so-widget-sow-headline so-widget-sow-headline-default-4579102bc465-91\"\n\t\t\t\n\t\t><div class=\"sow-headline-container \">\n\t\t\t\t\t\t\t<h1 class=\"sow-headline\">\n\t\t\t\t\t\tNEWS\t\t\t\t\t\t<\/h1>\n\t\t\t\t\t\t\t\t\t\t\t<div class=\"decoration\">\n\t\t\t\t\t\t<div class=\"decoration-inside\"><\/div>\n\t\t\t\t\t<\/div>\n\t\t\t\t\t<\/div>\n<\/div><\/div><\/div><\/div><div id=\"pgc-91-1-3\"  class=\"panel-grid-cell panel-grid-cell-empty panel-grid-cell-mobile-last\" ><\/div><div id=\"pgc-91-1-4\"  class=\"panel-grid-cell panel-grid-cell-empty\" ><\/div><\/div><\/div><div id=\"pg-91-2\"  class=\"panel-grid panel-has-style\" ><div class=\"siteorigin-panels-stretch panel-row-style panel-row-style-for-91-2\" data-stretch-type=\"full\" ><div id=\"pgc-91-2-0\"  class=\"panel-grid-cell\" ><div id=\"panel-91-2-0-0\" class=\"so-panel widget widget_sow-editor panel-first-child panel-last-child\" data-index=\"1\" ><div class=\"panel-widget-style panel-widget-style-for-91-2-0-0\" ><div\n\t\t\t\n\t\t\tclass=\"so-widget-sow-editor so-widget-sow-editor-base\"\n\t\t\t\n\t\t>\n<div class=\"siteorigin-widget-tinymce textwidget\">\n\t<h3><strong class=\"entry-sub\">Spende f\u00fcr BRK Bereitschaft Teisendorf<\/strong><\/h3>\n<p>Im Dezember hat die Bereitschaft Teisendorf des Bayerischen Roten Kreuzes ihren neuen Mannschaftswagen abgeholt. Dieser wurde zu \u00fcber einem Viertel durch Spenden regionaler Organisationen finanziert. Zum Dank wurde am 25.02.2019 eine kleine Dankes-Feier im Teisendorfer Rot-Kreuz-Heim veranstaltet.<\/p>\n<\/div>\n<\/div><\/div><\/div><\/div><div id=\"pgc-91-2-1\"  class=\"panel-grid-cell\" ><div id=\"panel-91-2-1-0\" class=\"so-panel widget widget_sow-image panel-first-child panel-last-child\" data-index=\"2\" ><div class=\"panel-widget-style panel-widget-style-for-91-2-1-0\" ><div\n\t\t\t\n\t\t\tclass=\"so-widget-sow-image so-widget-sow-image-default-c67d20f9f743-91\"\n\t\t\t\n\t\t>\n<div class=\"sow-image-container\">\n\t\t<img \n\tsrc=\"https:\/\/www.sepp-modellbau.de\/wp-content\/uploads\/2019\/03\/P2250093.jpg\" width=\"1500\" height=\"843\" srcset=\"https:\/\/www.sepp-modellbau.de\/wp-content\/uploads\/2019\/03\/P2250093.jpg 1500w, https:\/\/www.sepp-modellbau.de\/wp-content\/uploads\/2019\/03\/P2250093-300x169.jpg 300w, https:\/\/www.sepp-modellbau.de\/wp-content\/uploads\/2019\/03\/P2250093-768x432.jpg 768w, https:\/\/www.sepp-modellbau.de\/wp-content\/uploads\/2019\/03\/P2250093-1024x575.jpg 1024w\" sizes=\"(max-width: 1500px) 100vw, 1500px\" alt=\"\" \t\tclass=\"so-widget-image\"\/>\n\t<\/div>\n\n<\/div><\/div><\/div><\/div><\/div><\/div><div id=\"pg-91-3\"  class=\"panel-grid panel-has-style\" ><div class=\"siteorigin-panels-stretch panel-row-style panel-row-style-for-91-3\" data-stretch-type=\"full\" ><div id=\"pgc-91-3-0\"  class=\"panel-grid-cell\" ><div id=\"panel-91-3-0-0\" class=\"so-panel widget widget_sow-editor panel-first-child panel-last-child\" data-index=\"3\" ><div class=\"panel-widget-style panel-widget-style-for-91-3-0-0\" ><div\n\t\t\t\n\t\t\tclass=\"so-widget-sow-editor so-widget-sow-editor-base\"\n\t\t\t\n\t\t>\n<div class=\"siteorigin-widget-tinymce textwidget\">\n\t<h3><strong class=\"entry-sub\">Ausbildungszertifikat der Agentur f\u00fcr Arbeit Traunstein 2017<\/strong><\/h3>\n<p>Anfang Dezember 2017 wurde wir durch die Bundesargentur f\u00fcr Arbeit f\u00fcr das besondere Engagement in der Ausbildung ausgezeichnet. \"Meister Ernst Sepp hat sich das Ausbildungszertifikat durch einen besonders langfristigen und nachhaltigen Weg in der Nachwuchsf\u00f6rderung verdient\", sagt Jutta M\u00fcller, Vorsitzende der Gesch\u00e4ftsf\u00fchrung in Traunstein.<\/p>\n<p>In den 25 Jahren Firmenbestehen haben wir bereits 20 Mitarbeiter ausgebildet und aktuell befinden sich drei Jugendliche in der Ausbildung zum technischer Modellbauer und Zerspanungsmechaniker. Mehr zum Thema Ausbildung finden Sie <a href=\"http:\/\/www.sepp-modellbau.de\/index.php\/ueber_uns\/ausbildung\/\">hier<\/a>.<\/p>\n<\/div>\n<\/div><\/div><\/div><\/div><div id=\"pgc-91-3-1\"  class=\"panel-grid-cell\" ><div id=\"panel-91-3-1-0\" class=\"so-panel widget widget_sow-image panel-first-child panel-last-child\" data-index=\"4\" ><div class=\"panel-widget-style panel-widget-style-for-91-3-1-0\" ><div\n\t\t\t\n\t\t\tclass=\"so-widget-sow-image so-widget-sow-image-default-c67d20f9f743-91\"\n\t\t\t\n\t\t>\n<div class=\"sow-image-container\">\n\t\t<img \n\tsrc=\"https:\/\/www.sepp-modellbau.de\/wp-content\/uploads\/2015\/07\/teis-ausbildungszertifikat-ernst-sepp-formenbau-sepp-ernst-bergabe-1.jpg\" width=\"1000\" height=\"714\" srcset=\"https:\/\/www.sepp-modellbau.de\/wp-content\/uploads\/2015\/07\/teis-ausbildungszertifikat-ernst-sepp-formenbau-sepp-ernst-bergabe-1.jpg 1000w, https:\/\/www.sepp-modellbau.de\/wp-content\/uploads\/2015\/07\/teis-ausbildungszertifikat-ernst-sepp-formenbau-sepp-ernst-bergabe-1-300x214.jpg 300w, https:\/\/www.sepp-modellbau.de\/wp-content\/uploads\/2015\/07\/teis-ausbildungszertifikat-ernst-sepp-formenbau-sepp-ernst-bergabe-1-768x548.jpg 768w\" sizes=\"(max-width: 1000px) 100vw, 1000px\" title=\"teis-ausbildungszertifikat-ernst-sepp-formenbau-sepp-ernst-bergabe\" alt=\"\" \t\tclass=\"so-widget-image\"\/>\n\t<\/div>\n\n<\/div><\/div><\/div><\/div><\/div><\/div><div id=\"pg-91-4\"  class=\"panel-grid panel-has-style\" ><div class=\"siteorigin-panels-stretch panel-row-style panel-row-style-for-91-4\" data-stretch-type=\"full\" ><div id=\"pgc-91-4-0\"  class=\"panel-grid-cell\" ><div id=\"panel-91-4-0-0\" class=\"so-panel widget widget_sow-editor panel-first-child panel-last-child\" data-index=\"5\" ><div class=\"panel-widget-style panel-widget-style-for-91-4-0-0\" ><div\n\t\t\t\n\t\t\tclass=\"so-widget-sow-editor so-widget-sow-editor-base\"\n\t\t\t\n\t\t>\n<div class=\"siteorigin-widget-tinymce textwidget\">\n\t<h3><strong>25-j\u00e4hriges Jubil\u00e4um der Firma Sepp<\/strong><\/h3>\n<p>Am 22. September 2017 haben wir unser Firmenjubil\u00e4um als Anlass genommen, um unseren Kunden, Lieferanten, Mitarbeitern und Freunden f\u00fcr ihre jahrelange Unterst\u00fctzung und Treue zu danken.<br \/>\nNachmittags konnte unser Firmengel\u00e4nde besichtigt werden und eine kleine Ausstellung vergangener Projekte zeigte unser stetig wachsendes Produktionsportfolio. Neben der \"Guten A-Band\" sorgten die Miller-Twins mit ihren spektakul\u00e4ren Akrobatikeinlagen f\u00fcr eine besonders sch\u00f6ne Stimmung am Abend.\u00a0Ein Feuerwerk rundete unsere Feier in atemberaubender Weise ab.<\/p>\n<p>Einen herzlichen Dank an alle G\u00e4ste, Mitarbeiter, Akrobaten, Musiker, K\u00f6che und Helfer, die durch ihre Anwesenheit und Unterst\u00fctzung zu einem wirklich gelungenen Fest beigetragen haben.<\/p>\n<\/div>\n<\/div><\/div><\/div><\/div><div id=\"pgc-91-4-1\"  class=\"panel-grid-cell\" ><div id=\"panel-91-4-1-0\" class=\"so-panel widget widget_metaslider_widget panel-first-child panel-last-child\" data-index=\"6\" ><div class=\"panel-widget-style panel-widget-style-for-91-4-1-0\" ><div id=\"metaslider-id-1312\" style=\"max-width: 400px;\" class=\"ml-slider-3-99-0 ml-slider-pro-2-7-1 metaslider metaslider-flex metaslider-1312 ml-slider ml-slider-lightbox-1-13-4 simple-lightbox-2-9-4 ms-theme-default nav-hidden\" role=\"region\" aria-label=\"25 Jubil\u00e4um\" data-width=\"400\">\n    <div id=\"metaslider_container_1312\">\n        <div id=\"metaslider_1312\" class=\"flexslider\">\n            <ul class='slides'>\n                <li style=\"display: block; width: 100%;\" class=\"slide-1329 ms-image \" aria-roledescription=\"slide\" data-date=\"2017-11-12 15:36:20\"><a href=\"https:\/\/www.sepp-modellbau.de\/wp-content\/uploads\/2017\/11\/DSC2175.jpg\" target=\"_self\" aria-label=\"View Slide Details\" class=\"metaslider_image_link\" rel=\"lightbox[1312]\" data-slb-group=\"1312\" data-slb-active=\"1\" data-slb-internal=\"0\"><img loading=\"lazy\" decoding=\"async\" src=\"https:\/\/www.sepp-modellbau.de\/wp-content\/uploads\/2017\/11\/DSC2175-400x300.jpg\" height=\"300\" width=\"400\" alt=\"\" class=\"slider-1312 slide-1329 msDefaultImage\" \/><\/a><\/li>\n                <li style=\"display: none; width: 100%;\" class=\"slide-1330 ms-image \" aria-roledescription=\"slide\" data-date=\"2017-11-12 15:36:20\"><a href=\"https:\/\/www.sepp-modellbau.de\/wp-content\/uploads\/2017\/11\/DSC2192.jpg\" target=\"_self\" aria-label=\"View Slide Details\" class=\"metaslider_image_link\" rel=\"lightbox[1312]\" data-slb-group=\"1312\" data-slb-active=\"1\" data-slb-internal=\"0\"><img loading=\"lazy\" decoding=\"async\" src=\"https:\/\/www.sepp-modellbau.de\/wp-content\/uploads\/2017\/11\/DSC2192-400x300.jpg\" height=\"300\" width=\"400\" alt=\"\" class=\"slider-1312 slide-1330 msDefaultImage\" \/><\/a><\/li>\n                <li style=\"display: none; width: 100%;\" class=\"slide-1331 ms-image \" aria-roledescription=\"slide\" data-date=\"2017-11-12 15:36:20\"><a href=\"https:\/\/www.sepp-modellbau.de\/wp-content\/uploads\/2017\/11\/DSC2200.jpg\" target=\"_self\" aria-label=\"View Slide Details\" class=\"metaslider_image_link\" rel=\"lightbox[1312]\" data-slb-group=\"1312\" data-slb-active=\"1\" data-slb-internal=\"0\"><img loading=\"lazy\" decoding=\"async\" src=\"https:\/\/www.sepp-modellbau.de\/wp-content\/uploads\/2017\/11\/DSC2200-400x300.jpg\" height=\"300\" width=\"400\" alt=\"\" class=\"slider-1312 slide-1331 msDefaultImage\" \/><\/a><\/li>\n                <li style=\"display: none; width: 100%;\" class=\"slide-1332 ms-image \" aria-roledescription=\"slide\" data-date=\"2017-11-12 15:36:20\"><a href=\"https:\/\/www.sepp-modellbau.de\/wp-content\/uploads\/2017\/11\/DSC2220.jpg\" target=\"_self\" aria-label=\"View Slide Details\" class=\"metaslider_image_link\" rel=\"lightbox[1312]\" data-slb-group=\"1312\" data-slb-active=\"1\" data-slb-internal=\"0\"><img loading=\"lazy\" decoding=\"async\" src=\"https:\/\/www.sepp-modellbau.de\/wp-content\/uploads\/2017\/11\/DSC2220-400x300.jpg\" height=\"300\" width=\"400\" alt=\"\" class=\"slider-1312 slide-1332 msDefaultImage\" \/><\/a><\/li>\n                <li style=\"display: none; width: 100%;\" class=\"slide-1333 ms-image \" aria-roledescription=\"slide\" data-date=\"2017-11-12 15:36:20\"><a href=\"https:\/\/www.sepp-modellbau.de\/wp-content\/uploads\/2017\/11\/DSC2250.jpg\" target=\"_self\" aria-label=\"View Slide Details\" class=\"metaslider_image_link\" rel=\"lightbox[1312]\" data-slb-group=\"1312\" data-slb-active=\"1\" data-slb-internal=\"0\"><img loading=\"lazy\" decoding=\"async\" src=\"https:\/\/www.sepp-modellbau.de\/wp-content\/uploads\/2017\/11\/DSC2250-400x300.jpg\" height=\"300\" width=\"400\" alt=\"\" class=\"slider-1312 slide-1333 msDefaultImage\" \/><\/a><\/li>\n                <li style=\"display: none; width: 100%;\" class=\"slide-1334 ms-image \" aria-roledescription=\"slide\" data-date=\"2017-11-12 15:36:20\"><a href=\"https:\/\/www.sepp-modellbau.de\/wp-content\/uploads\/2017\/11\/DSC2253.jpg\" target=\"_self\" aria-label=\"View Slide Details\" class=\"metaslider_image_link\" rel=\"lightbox[1312]\" data-slb-group=\"1312\" data-slb-active=\"1\" data-slb-internal=\"0\"><img loading=\"lazy\" decoding=\"async\" src=\"https:\/\/www.sepp-modellbau.de\/wp-content\/uploads\/2017\/11\/DSC2253-400x300.jpg\" height=\"300\" width=\"400\" alt=\"\" class=\"slider-1312 slide-1334 msDefaultImage\" \/><\/a><\/li>\n                <li style=\"display: none; width: 100%;\" class=\"slide-1335 ms-image \" aria-roledescription=\"slide\" data-date=\"2017-11-12 15:36:20\"><a href=\"https:\/\/www.sepp-modellbau.de\/wp-content\/uploads\/2017\/11\/DSC2266.jpg\" target=\"_self\" aria-label=\"View Slide Details\" class=\"metaslider_image_link\" rel=\"lightbox[1312]\" data-slb-group=\"1312\" data-slb-active=\"1\" data-slb-internal=\"0\"><img loading=\"lazy\" decoding=\"async\" src=\"https:\/\/www.sepp-modellbau.de\/wp-content\/uploads\/2017\/11\/DSC2266-400x300.jpg\" height=\"300\" width=\"400\" alt=\"\" class=\"slider-1312 slide-1335 msDefaultImage\" \/><\/a><\/li>\n                <li style=\"display: none; width: 100%;\" class=\"slide-1336 ms-image \" aria-roledescription=\"slide\" data-date=\"2017-11-12 15:36:20\"><a href=\"https:\/\/www.sepp-modellbau.de\/wp-content\/uploads\/2017\/11\/DSC2271.jpg\" target=\"_self\" aria-label=\"View Slide Details\" class=\"metaslider_image_link\" rel=\"lightbox[1312]\" data-slb-group=\"1312\" data-slb-active=\"1\" data-slb-internal=\"0\"><img loading=\"lazy\" decoding=\"async\" src=\"https:\/\/www.sepp-modellbau.de\/wp-content\/uploads\/2017\/11\/DSC2271-400x300.jpg\" height=\"300\" width=\"400\" alt=\"\" class=\"slider-1312 slide-1336 msDefaultImage\" \/><\/a><\/li>\n                <li style=\"display: none; width: 100%;\" class=\"slide-1337 ms-image \" aria-roledescription=\"slide\" data-date=\"2017-11-12 15:36:20\"><a href=\"https:\/\/www.sepp-modellbau.de\/wp-content\/uploads\/2017\/11\/DSC2368.jpg\" target=\"_self\" aria-label=\"View Slide Details\" class=\"metaslider_image_link\" rel=\"lightbox[1312]\" data-slb-group=\"1312\" data-slb-active=\"1\" data-slb-internal=\"0\"><img loading=\"lazy\" decoding=\"async\" src=\"https:\/\/www.sepp-modellbau.de\/wp-content\/uploads\/2017\/11\/DSC2368-400x300.jpg\" height=\"300\" width=\"400\" alt=\"\" class=\"slider-1312 slide-1337 msDefaultImage\" \/><\/a><\/li>\n                <li style=\"display: none; width: 100%;\" class=\"slide-1338 ms-image \" aria-roledescription=\"slide\" data-date=\"2017-11-12 15:36:20\"><a href=\"https:\/\/www.sepp-modellbau.de\/wp-content\/uploads\/2017\/11\/DSC2392.jpg\" target=\"_self\" aria-label=\"View Slide Details\" class=\"metaslider_image_link\" rel=\"lightbox[1312]\" data-slb-group=\"1312\" data-slb-active=\"1\" data-slb-internal=\"0\"><img loading=\"lazy\" decoding=\"async\" src=\"https:\/\/www.sepp-modellbau.de\/wp-content\/uploads\/2017\/11\/DSC2392-400x300.jpg\" height=\"300\" width=\"400\" alt=\"\" class=\"slider-1312 slide-1338 msDefaultImage\" \/><\/a><\/li>\n                <li style=\"display: none; width: 100%;\" class=\"slide-1339 ms-image \" aria-roledescription=\"slide\" data-date=\"2017-11-12 15:36:20\"><a href=\"https:\/\/www.sepp-modellbau.de\/wp-content\/uploads\/2017\/11\/DSC2398.jpg\" target=\"_self\" aria-label=\"View Slide Details\" class=\"metaslider_image_link\" rel=\"lightbox[1312]\" data-slb-group=\"1312\" data-slb-active=\"1\" data-slb-internal=\"0\"><img loading=\"lazy\" decoding=\"async\" src=\"https:\/\/www.sepp-modellbau.de\/wp-content\/uploads\/2017\/11\/DSC2398-400x300.jpg\" height=\"300\" width=\"400\" alt=\"\" class=\"slider-1312 slide-1339 msDefaultImage\" \/><\/a><\/li>\n                <li style=\"display: none; width: 100%;\" class=\"slide-1340 ms-image \" aria-roledescription=\"slide\" data-date=\"2017-11-12 15:36:20\"><a href=\"https:\/\/www.sepp-modellbau.de\/wp-content\/uploads\/2017\/11\/DSC2441.jpg\" target=\"_self\" aria-label=\"View Slide Details\" class=\"metaslider_image_link\" rel=\"lightbox[1312]\" data-slb-group=\"1312\" data-slb-active=\"1\" data-slb-internal=\"0\"><img loading=\"lazy\" decoding=\"async\" src=\"https:\/\/www.sepp-modellbau.de\/wp-content\/uploads\/2017\/11\/DSC2441-400x300.jpg\" height=\"300\" width=\"400\" alt=\"\" class=\"slider-1312 slide-1340 msDefaultImage\" \/><\/a><\/li>\n                <li style=\"display: none; width: 100%;\" class=\"slide-1341 ms-image \" aria-roledescription=\"slide\" data-date=\"2017-11-12 15:36:20\"><a href=\"https:\/\/www.sepp-modellbau.de\/wp-content\/uploads\/2017\/11\/DSC2449.jpg\" target=\"_self\" aria-label=\"View Slide Details\" class=\"metaslider_image_link\" rel=\"lightbox[1312]\" data-slb-group=\"1312\" data-slb-active=\"1\" data-slb-internal=\"0\"><img loading=\"lazy\" decoding=\"async\" src=\"https:\/\/www.sepp-modellbau.de\/wp-content\/uploads\/2017\/11\/DSC2449-400x300.jpg\" height=\"300\" width=\"400\" alt=\"\" class=\"slider-1312 slide-1341 msDefaultImage\" \/><\/a><\/li>\n                <li style=\"display: none; width: 100%;\" class=\"slide-1342 ms-image \" aria-roledescription=\"slide\" data-date=\"2017-11-12 15:36:20\"><a href=\"https:\/\/www.sepp-modellbau.de\/wp-content\/uploads\/2017\/11\/DSC2545.jpg\" target=\"_self\" aria-label=\"View Slide Details\" class=\"metaslider_image_link\" rel=\"lightbox[1312]\" data-slb-group=\"1312\" data-slb-active=\"1\" data-slb-internal=\"0\"><img loading=\"lazy\" decoding=\"async\" src=\"https:\/\/www.sepp-modellbau.de\/wp-content\/uploads\/2017\/11\/DSC2545-400x300.jpg\" height=\"300\" width=\"400\" alt=\"\" class=\"slider-1312 slide-1342 msDefaultImage\" \/><\/a><\/li>\n                <li style=\"display: none; width: 100%;\" class=\"slide-1343 ms-image \" aria-roledescription=\"slide\" data-date=\"2017-11-12 15:36:20\"><a href=\"https:\/\/www.sepp-modellbau.de\/wp-content\/uploads\/2017\/11\/DSC2626.jpg\" target=\"_self\" aria-label=\"View Slide Details\" class=\"metaslider_image_link\" rel=\"lightbox[1312]\" data-slb-group=\"1312\" data-slb-active=\"1\" data-slb-internal=\"0\"><img loading=\"lazy\" decoding=\"async\" src=\"https:\/\/www.sepp-modellbau.de\/wp-content\/uploads\/2017\/11\/DSC2626-400x300.jpg\" height=\"300\" width=\"400\" alt=\"\" class=\"slider-1312 slide-1343 msDefaultImage\" \/><\/a><\/li>\n                <li style=\"display: none; width: 100%;\" class=\"slide-1344 ms-image \" aria-roledescription=\"slide\" data-date=\"2017-11-12 15:36:20\"><a href=\"https:\/\/www.sepp-modellbau.de\/wp-content\/uploads\/2017\/11\/DSC2802.jpg\" target=\"_self\" aria-label=\"View Slide Details\" class=\"metaslider_image_link\" rel=\"lightbox[1312]\" data-slb-group=\"1312\" data-slb-active=\"1\" data-slb-internal=\"0\"><img loading=\"lazy\" decoding=\"async\" src=\"https:\/\/www.sepp-modellbau.de\/wp-content\/uploads\/2017\/11\/DSC2802-400x300.jpg\" height=\"300\" width=\"400\" alt=\"\" class=\"slider-1312 slide-1344 msDefaultImage\" \/><\/a><\/li>\n            <\/ul>\n        <\/div>\n                <div id=\"metaslider_1312_filmstrip\" class=\"flexslider filmstrip\">\n            <ul class='slides'>\n                <li class=\"ms-thumb slide-1329\" style=\"display: none;\"><img decoding=\"async\" src=\"https:\/\/www.sepp-modellbau.de\/wp-content\/uploads\/2017\/11\/DSC2175-100x50.jpg\" \/><\/li>\n                <li class=\"ms-thumb slide-1330\" style=\"display: none;\"><img decoding=\"async\" src=\"https:\/\/www.sepp-modellbau.de\/wp-content\/uploads\/2017\/11\/DSC2192-100x50.jpg\" \/><\/li>\n                <li class=\"ms-thumb slide-1331\" style=\"display: none;\"><img decoding=\"async\" src=\"https:\/\/www.sepp-modellbau.de\/wp-content\/uploads\/2017\/11\/DSC2200-100x50.jpg\" \/><\/li>\n                <li class=\"ms-thumb slide-1332\" style=\"display: none;\"><img decoding=\"async\" src=\"https:\/\/www.sepp-modellbau.de\/wp-content\/uploads\/2017\/11\/DSC2220-100x50.jpg\" \/><\/li>\n                <li class=\"ms-thumb slide-1333\" style=\"display: none;\"><img decoding=\"async\" src=\"https:\/\/www.sepp-modellbau.de\/wp-content\/uploads\/2017\/11\/DSC2250-100x50.jpg\" \/><\/li>\n                <li class=\"ms-thumb slide-1334\" style=\"display: none;\"><img decoding=\"async\" src=\"https:\/\/www.sepp-modellbau.de\/wp-content\/uploads\/2017\/11\/DSC2253-100x50.jpg\" \/><\/li>\n                <li class=\"ms-thumb slide-1335\" style=\"display: none;\"><img decoding=\"async\" src=\"https:\/\/www.sepp-modellbau.de\/wp-content\/uploads\/2017\/11\/DSC2266-100x50.jpg\" \/><\/li>\n                <li class=\"ms-thumb slide-1336\" style=\"display: none;\"><img decoding=\"async\" src=\"https:\/\/www.sepp-modellbau.de\/wp-content\/uploads\/2017\/11\/DSC2271-100x50.jpg\" \/><\/li>\n                <li class=\"ms-thumb slide-1337\" style=\"display: none;\"><img decoding=\"async\" src=\"https:\/\/www.sepp-modellbau.de\/wp-content\/uploads\/2017\/11\/DSC2368-100x50.jpg\" \/><\/li>\n                <li class=\"ms-thumb slide-1338\" style=\"display: none;\"><img decoding=\"async\" src=\"https:\/\/www.sepp-modellbau.de\/wp-content\/uploads\/2017\/11\/DSC2392-100x50.jpg\" \/><\/li>\n                <li class=\"ms-thumb slide-1339\" style=\"display: none;\"><img decoding=\"async\" src=\"https:\/\/www.sepp-modellbau.de\/wp-content\/uploads\/2017\/11\/DSC2398-100x50.jpg\" \/><\/li>\n                <li class=\"ms-thumb slide-1340\" style=\"display: none;\"><img decoding=\"async\" src=\"https:\/\/www.sepp-modellbau.de\/wp-content\/uploads\/2017\/11\/DSC2441-100x50.jpg\" \/><\/li>\n                <li class=\"ms-thumb slide-1341\" style=\"display: none;\"><img decoding=\"async\" src=\"https:\/\/www.sepp-modellbau.de\/wp-content\/uploads\/2017\/11\/DSC2449-100x50.jpg\" \/><\/li>\n                <li class=\"ms-thumb slide-1342\" style=\"display: none;\"><img decoding=\"async\" src=\"https:\/\/www.sepp-modellbau.de\/wp-content\/uploads\/2017\/11\/DSC2545-100x50.jpg\" \/><\/li>\n                <li class=\"ms-thumb slide-1343\" style=\"display: none;\"><img decoding=\"async\" src=\"https:\/\/www.sepp-modellbau.de\/wp-content\/uploads\/2017\/11\/DSC2626-100x50.jpg\" \/><\/li>\n                <li class=\"ms-thumb slide-1344\" style=\"display: none;\"><img decoding=\"async\" src=\"https:\/\/www.sepp-modellbau.de\/wp-content\/uploads\/2017\/11\/DSC2802-100x50.jpg\" \/><\/li>\n            <\/ul>\n        <\/div>\n    <\/div>\n<\/div><\/div><\/div><\/div><\/div><\/div><\/div>","protected":false},"excerpt":{"rendered":"<p>NEWS Spende f\u00fcr BRK Bereitschaft Teisendorf Im Dezember hat die Bereitschaft Teisendorf des Bayerischen Roten Kreuzes ihren neuen Mannschaftswagen abgeholt. Dieser wurde zu \u00fcber einem Viertel durch Spenden regionaler Organisationen finanziert. Zum Dank wurde am 25.02.2019 eine kleine Dankes-Feier im Teisendorfer Rot-Kreuz-Heim veranstaltet. Ausbildungszertifikat der Agentur f\u00fcr Arbeit Traunstein 2017 Anfang Dezember 2017 wurde wir&hellip;<\/p>\n","protected":false},"author":1,"featured_media":0,"parent":0,"menu_order":1,"comment_status":"closed","ping_status":"closed","template":"","meta":{"footnotes":""},"class_list":["post-91","page","type-page","status-publish","hentry"],"_links":{"self":[{"href":"https:\/\/www.sepp-modellbau.de\/index.php\/wp-json\/wp\/v2\/pages\/91","targetHints":{"allow":["GET"]}}],"collection":[{"href":"https:\/\/www.sepp-modellbau.de\/index.php\/wp-json\/wp\/v2\/pages"}],"about":[{"href":"https:\/\/www.sepp-modellbau.de\/index.php\/wp-json\/wp\/v2\/types\/page"}],"author":[{"embeddable":true,"href":"https:\/\/www.sepp-modellbau.de\/index.php\/wp-json\/wp\/v2\/users\/1"}],"replies":[{"embeddable":true,"href":"https:\/\/www.sepp-modellbau.de\/index.php\/wp-json\/wp\/v2\/comments?post=91"}],"version-history":[{"count":3,"href":"https:\/\/www.sepp-modellbau.de\/index.php\/wp-json\/wp\/v2\/pages\/91\/revisions"}],"predecessor-version":[{"id":1521,"href":"https:\/\/www.sepp-modellbau.de\/index.php\/wp-json\/wp\/v2\/pages\/91\/revisions\/1521"}],"wp:attachment":[{"href":"https:\/\/www.sepp-modellbau.de\/index.php\/wp-json\/wp\/v2\/media?parent=91"}],"curies":[{"name":"wp","href":"https:\/\/api.w.org\/{rel}","templated":true}]}}