{"id":7,"date":"2015-07-29T12:24:43","date_gmt":"2015-07-29T10:24:43","guid":{"rendered":"http:\/\/s567187253.online.de\/clickandbuilds\/test45\/?page_id=7"},"modified":"2024-02-22T21:37:40","modified_gmt":"2024-02-22T20:37:40","slug":"entwicklung","status":"publish","type":"page","link":"https:\/\/www.sepp-modellbau.de\/index.php\/ueber_uns\/entwicklung\/","title":{"rendered":"Entwicklung"},"content":{"rendered":"<div id=\"pl-7\"  class=\"panel-layout\" ><div id=\"pg-7-0\"  class=\"panel-grid panel-has-style\" ><div class=\"so-parallax siteorigin-panels-stretch panel-row-style panel-row-style-for-7-0\" data-stretch-type=\"full\" ><img fetchpriority=\"high\" decoding=\"async\" width=\"2400\" height=\"960\" src=\"https:\/\/www.sepp-modellbau.de\/wp-content\/uploads\/2017\/06\/12074.jpg\" class=\"attachment-full size-full\" alt=\"\" data-siteorigin-parallax=\"true\" loading=\"eager\" srcset=\"https:\/\/www.sepp-modellbau.de\/wp-content\/uploads\/2017\/06\/12074.jpg 2400w, https:\/\/www.sepp-modellbau.de\/wp-content\/uploads\/2017\/06\/12074-300x120.jpg 300w, https:\/\/www.sepp-modellbau.de\/wp-content\/uploads\/2017\/06\/12074-768x307.jpg 768w, https:\/\/www.sepp-modellbau.de\/wp-content\/uploads\/2017\/06\/12074-1024x410.jpg 1024w\" sizes=\"(max-width: 2400px) 100vw, 2400px\" \/><div id=\"pgc-7-0-0\"  class=\"panel-grid-cell\" ><div id=\"panel-7-0-0-0\" class=\"so-panel widget widget_sow-editor panel-first-child panel-last-child\" data-index=\"0\" ><div\n\t\t\t\n\t\t\tclass=\"so-widget-sow-editor so-widget-sow-editor-base\"\n\t\t\t\n\t\t>\n<div class=\"siteorigin-widget-tinymce textwidget\">\n\t<p>\u00a0<\/p>\n<p>\u00a0<\/p>\n<p>\u00a0<\/p>\n<p>\u00a0<\/p>\n<p>\u00a0<\/p>\n<p>\u00a0<\/p>\n<p>\u00a0<\/p>\n<\/div>\n<\/div><\/div><\/div><\/div><\/div><div id=\"pg-7-1\"  class=\"panel-grid panel-no-style\" ><div id=\"pgc-7-1-0\"  class=\"panel-grid-cell\" ><div id=\"panel-7-1-0-0\" class=\"so-panel widget widget_sow-editor panel-first-child panel-last-child\" data-index=\"1\" ><div\n\t\t\t\n\t\t\tclass=\"so-widget-sow-editor so-widget-sow-editor-base\"\n\t\t\t\n\t\t>\n<div class=\"siteorigin-widget-tinymce textwidget\">\n\t<h1 style=\"text-align: center;\">1992<\/h1>\n<p>Gr\u00fcndung der Firma Ernst Sepp Modell- und Formenbau als ein Ein-Mann Betrieb in Teisendorf.<\/p>\n<\/div>\n<\/div><\/div><\/div><div id=\"pgc-7-1-1\"  class=\"panel-grid-cell\" ><div id=\"panel-7-1-1-0\" class=\"so-panel widget widget_sow-editor panel-first-child panel-last-child\" data-index=\"2\" ><div\n\t\t\t\n\t\t\tclass=\"so-widget-sow-editor so-widget-sow-editor-base\"\n\t\t\t\n\t\t>\n<div class=\"siteorigin-widget-tinymce textwidget\">\n\t<h1 style=\"text-align: center;\">1994<\/h1>\n<p>Durch die Investition in eine Maho 1000C und das CAD\/CAM System TEBIS legten wir den Grundstein f\u00fcr die CNC-Fertigung.<\/p>\n<\/div>\n<\/div><\/div><\/div><div id=\"pgc-7-1-2\"  class=\"panel-grid-cell\" ><div id=\"panel-7-1-2-0\" class=\"so-panel widget widget_sow-editor panel-first-child panel-last-child\" data-index=\"3\" ><div\n\t\t\t\n\t\t\tclass=\"so-widget-sow-editor so-widget-sow-editor-base\"\n\t\t\t\n\t\t>\n<div class=\"siteorigin-widget-tinymce textwidget\">\n\t<h1 style=\"text-align: center;\">1997<\/h1>\n<p>Mit der Anschaffung einer MECOF CS500 mit einem Verfahrweg von 4000 x 1700 x 1000mm und einer Wenzel Koordinatenmessmaschine wurde die Fertigungstiefe erweitert.<\/p>\n<\/div>\n<\/div><\/div><\/div><\/div><div id=\"pg-7-2\"  class=\"panel-grid panel-no-style\" ><div id=\"pgc-7-2-0\"  class=\"panel-grid-cell\" ><div id=\"panel-7-2-0-0\" class=\"so-panel widget widget_sow-editor panel-first-child panel-last-child\" data-index=\"4\" ><div\n\t\t\t\n\t\t\tclass=\"so-widget-sow-editor so-widget-sow-editor-base\"\n\t\t\t\n\t\t>\n<div class=\"siteorigin-widget-tinymce textwidget\">\n\t<h1 style=\"text-align: center;\">2010<\/h1>\n<p>Durch einen Hallenneubau wurde die Fertigungsfl\u00e4che unserer Firma auf 2100m\u00b2 verdoppelt.<\/p>\n<\/div>\n<\/div><\/div><\/div><div id=\"pgc-7-2-1\"  class=\"panel-grid-cell\" ><div id=\"panel-7-2-1-0\" class=\"so-panel widget widget_sow-editor panel-first-child panel-last-child\" data-index=\"5\" ><div\n\t\t\t\n\t\t\tclass=\"so-widget-sow-editor so-widget-sow-editor-base\"\n\t\t\t\n\t\t>\n<div class=\"siteorigin-widget-tinymce textwidget\">\n\t<h1 style=\"text-align: center;\">2011<\/h1>\n<p>Anschaffung einer Portalfr\u00e4smaschine. Zimmermann 5-Achs Berarbeitungszentrum mit einem Verfahrweg von 6500 x 3500 x 1750mm.<\/p>\n<\/div>\n<\/div><\/div><\/div><div id=\"pgc-7-2-2\"  class=\"panel-grid-cell\" ><div id=\"panel-7-2-2-0\" class=\"so-panel widget widget_sow-editor panel-first-child panel-last-child\" data-index=\"6\" ><div\n\t\t\t\n\t\t\tclass=\"so-widget-sow-editor so-widget-sow-editor-base\"\n\t\t\t\n\t\t>\n<div class=\"siteorigin-widget-tinymce textwidget\">\n\t<h1 style=\"text-align: center;\">2014<\/h1>\n<p>Kauf einer Stiefelmeyer Doppelst\u00e4nder Koordinatenmessmaschine mit einem Messbereich von 6000 x 3000 x 1800mm.<\/p>\n<\/div>\n<\/div><\/div><\/div><\/div><div id=\"pg-7-3\"  class=\"panel-grid panel-no-style\" ><div id=\"pgc-7-3-0\"  class=\"panel-grid-cell\" ><div id=\"panel-7-3-0-0\" class=\"so-panel widget widget_sow-editor panel-first-child panel-last-child\" data-index=\"7\" ><div\n\t\t\t\n\t\t\tclass=\"so-widget-sow-editor so-widget-sow-editor-base\"\n\t\t\t\n\t\t>\n<div class=\"siteorigin-widget-tinymce textwidget\">\n\t<h1 style=\"text-align: center;\">2015<\/h1>\n<p>Investition in ein Doppeltisch Bearbeitungszentrum DMC-100 mit einem Verfahrweg von 1000 x 1200 x 1000mm und einem Werkzeugmagazin mit 273 Pl\u00e4tzen f\u00fcr die Serienfertigung.<\/p>\n<\/div>\n<\/div><\/div><\/div><div id=\"pgc-7-3-1\"  class=\"panel-grid-cell\" ><div id=\"panel-7-3-1-0\" class=\"so-panel widget widget_sow-editor panel-first-child panel-last-child\" data-index=\"8\" ><div\n\t\t\t\n\t\t\tclass=\"so-widget-sow-editor so-widget-sow-editor-base\"\n\t\t\t\n\t\t>\n<div class=\"siteorigin-widget-tinymce textwidget\">\n\t<h1 style=\"text-align: center;\">2016<\/h1>\n<p>Installation einer Klimaanlage im Produktions- und Messbereich, um die Bearbeitung hochgenauer Teile ganzj\u00e4hrig zu erm\u00f6glichen.<\/p>\n<\/div>\n<\/div><\/div><\/div><div id=\"pgc-7-3-2\"  class=\"panel-grid-cell\" ><div id=\"panel-7-3-2-0\" class=\"so-panel widget widget_sow-editor panel-first-child panel-last-child\" data-index=\"9\" ><div\n\t\t\t\n\t\t\tclass=\"so-widget-sow-editor so-widget-sow-editor-base\"\n\t\t\t\n\t\t>\n<div class=\"siteorigin-widget-tinymce textwidget\">\n\t<h1 style=\"text-align: center;\">2018<\/h1>\n<p>Umbau und Erweiterung der B\u00fcro- und Sozialr\u00e4ume auf die doppelte Fl\u00e4che<\/p>\n<\/div>\n<\/div><\/div><\/div><\/div><div id=\"pg-7-4\"  class=\"panel-grid panel-no-style\" ><div id=\"pgc-7-4-0\"  class=\"panel-grid-cell\" ><div id=\"panel-7-4-0-0\" class=\"so-panel widget widget_sow-editor panel-first-child panel-last-child\" data-index=\"10\" ><div\n\t\t\t\n\t\t\tclass=\"so-widget-sow-editor so-widget-sow-editor-base\"\n\t\t\t\n\t\t>\n<div class=\"siteorigin-widget-tinymce textwidget\">\n\t<h1 style=\"text-align: center;\">2019<\/h1>\n<p>TISAX Zertifizierung mit den Label Informationen mit hohem und sehr hohem Schutzbedarf und Schutz von Prototypenteilen und -komponenten<\/p>\n<\/div>\n<\/div><\/div><\/div><div id=\"pgc-7-4-1\"  class=\"panel-grid-cell\" ><div id=\"panel-7-4-1-0\" class=\"so-panel widget widget_sow-editor panel-first-child panel-last-child\" data-index=\"11\" ><div\n\t\t\t\n\t\t\tclass=\"so-widget-sow-editor so-widget-sow-editor-base\"\n\t\t\t\n\t\t>\n<div class=\"siteorigin-widget-tinymce textwidget\">\n\t<h1 style=\"text-align: center;\">2022<\/h1>\n<p>Qualit\u00e4tsmanagementzertifizierung nach ISO 9001<\/p>\n<\/div>\n<\/div><\/div><\/div><div id=\"pgc-7-4-2\"  class=\"panel-grid-cell\" ><div id=\"panel-7-4-2-0\" class=\"so-panel widget widget_sow-editor panel-first-child panel-last-child\" data-index=\"12\" ><div\n\t\t\t\n\t\t\tclass=\"so-widget-sow-editor so-widget-sow-editor-base\"\n\t\t\t\n\t\t>\n<div class=\"siteorigin-widget-tinymce textwidget\">\n\t<h1 style=\"text-align: center;\">AKTUELL<\/h1>\n<p>Das Unternehmen umfasst inzwischen 19 Mitarbeiter und 8 voll ausgestattete Fr\u00e4szentren.<\/p>\n<\/div>\n<\/div><\/div><\/div><\/div><\/div>","protected":false},"excerpt":{"rendered":"<p>\u00a0\u00a0\u00a0\u00a0\u00a0\u00a0\u00a0 1992Gr\u00fcndung der Firma Ernst Sepp Modell- und Formenbau als ein Ein-Mann Betrieb in Teisendorf. 1994Durch die Investition in eine Maho 1000C und das CAD\/CAM System TEBIS legten wir den Grundstein f\u00fcr die CNC-Fertigung. 1997Mit der Anschaffung einer MECOF CS500 mit einem Verfahrweg von 4000 x 1700 x 1000mm und einer Wenzel Koordinatenmessmaschine wurde die&hellip;<\/p>\n","protected":false},"author":1,"featured_media":0,"parent":5,"menu_order":1,"comment_status":"closed","ping_status":"closed","template":"","meta":{"footnotes":""},"class_list":["post-7","page","type-page","status-publish","hentry"],"_links":{"self":[{"href":"https:\/\/www.sepp-modellbau.de\/index.php\/wp-json\/wp\/v2\/pages\/7","targetHints":{"allow":["GET"]}}],"collection":[{"href":"https:\/\/www.sepp-modellbau.de\/index.php\/wp-json\/wp\/v2\/pages"}],"about":[{"href":"https:\/\/www.sepp-modellbau.de\/index.php\/wp-json\/wp\/v2\/types\/page"}],"author":[{"embeddable":true,"href":"https:\/\/www.sepp-modellbau.de\/index.php\/wp-json\/wp\/v2\/users\/1"}],"replies":[{"embeddable":true,"href":"https:\/\/www.sepp-modellbau.de\/index.php\/wp-json\/wp\/v2\/comments?post=7"}],"version-history":[{"count":4,"href":"https:\/\/www.sepp-modellbau.de\/index.php\/wp-json\/wp\/v2\/pages\/7\/revisions"}],"predecessor-version":[{"id":1542,"href":"https:\/\/www.sepp-modellbau.de\/index.php\/wp-json\/wp\/v2\/pages\/7\/revisions\/1542"}],"up":[{"embeddable":true,"href":"https:\/\/www.sepp-modellbau.de\/index.php\/wp-json\/wp\/v2\/pages\/5"}],"wp:attachment":[{"href":"https:\/\/www.sepp-modellbau.de\/index.php\/wp-json\/wp\/v2\/media?parent=7"}],"curies":[{"name":"wp","href":"https:\/\/api.w.org\/{rel}","templated":true}]}}