{"id":24,"date":"2015-07-29T12:31:19","date_gmt":"2015-07-29T10:31:19","guid":{"rendered":"http:\/\/s567187253.online.de\/clickandbuilds\/test45\/?page_id=24"},"modified":"2020-06-09T11:03:35","modified_gmt":"2020-06-09T09:03:35","slug":"technik","status":"publish","type":"page","link":"https:\/\/www.sepp-modellbau.de\/index.php\/technik\/","title":{"rendered":"Technik"},"content":{"rendered":"<div id=\"pl-24\"  class=\"panel-layout\" ><div id=\"pg-24-0\"  class=\"panel-grid panel-has-style\" ><div class=\"so-parallax siteorigin-panels-stretch panel-row-style panel-row-style-for-24-0\" data-stretch-type=\"full\" ><img fetchpriority=\"high\" decoding=\"async\" width=\"2400\" height=\"1119\" src=\"https:\/\/www.sepp-modellbau.de\/wp-content\/uploads\/2015\/07\/DSC_2307444.jpg\" class=\"attachment-full size-full\" alt=\"\" data-siteorigin-parallax=\"true\" loading=\"eager\" srcset=\"https:\/\/www.sepp-modellbau.de\/wp-content\/uploads\/2015\/07\/DSC_2307444.jpg 2400w, https:\/\/www.sepp-modellbau.de\/wp-content\/uploads\/2015\/07\/DSC_2307444-300x140.jpg 300w, https:\/\/www.sepp-modellbau.de\/wp-content\/uploads\/2015\/07\/DSC_2307444-768x358.jpg 768w, https:\/\/www.sepp-modellbau.de\/wp-content\/uploads\/2015\/07\/DSC_2307444-1024x477.jpg 1024w\" sizes=\"(max-width: 2400px) 100vw, 2400px\" \/><div id=\"pgc-24-0-0\"  class=\"panel-grid-cell\" ><div id=\"panel-24-0-0-0\" class=\"so-panel widget widget_sow-editor panel-first-child panel-last-child\" data-index=\"0\" ><div\n\t\t\t\n\t\t\tclass=\"so-widget-sow-editor so-widget-sow-editor-base\"\n\t\t\t\n\t\t>\n<div class=\"siteorigin-widget-tinymce textwidget\">\n\t<p>\u00a0<\/p>\n<p>\u00a0<\/p>\n<p>\u00a0<\/p>\n<p>\u00a0<\/p>\n<p>\u00a0<\/p>\n<p>\u00a0<\/p>\n<p>\u00a0<\/p>\n<\/div>\n<\/div><\/div><\/div><\/div><\/div><div id=\"pg-24-1\"  class=\"panel-grid panel-has-style\" ><div class=\"panel-row-style panel-row-style-for-24-1\" ><div id=\"pgc-24-1-0\"  class=\"panel-grid-cell\" ><div id=\"panel-24-1-0-0\" class=\"so-panel widget widget_sow-editor panel-first-child panel-last-child\" data-index=\"1\" ><div\n\t\t\t\n\t\t\tclass=\"so-widget-sow-editor so-widget-sow-editor-base\"\n\t\t\t\n\t\t>\n<div class=\"siteorigin-widget-tinymce textwidget\">\n\t<h1><span style=\"color: #000000;\">FR\u00c4SMASCHINEN<\/span><\/h1>\n<p>Die Kapazit\u00e4t von acht technisch voll ausgestatteten CNC-Fr\u00e4szentren sind Garant f\u00fcr kurze Fertigungszeiten und Termintreue. Mit der Anschaffung einer Zimmermann 5-Achs Fr\u00e4smaschine haben wir die M\u00f6glichkeit Teile bis zu einer Gr\u00f6\u00dfe von 6500 x 3500 x 1750 mm und einem Gewicht von 16000 kg zu bearbeiten. Durch das neue Bearbeitungszentrum DMC-100 mit integriertem Palettenwechsel ist es uns nun m\u00f6glich Serien in kurzer Zeit zu fertigen.<\/p>\n<p>Die Bearbeitung von Metallen, Kunststoffen und Clay Modellen ist durch unseren Maschinenpark gew\u00e4hrleistet. Au\u00dferdem sind wir durch die Klimatisierung der Produktionshalle in der Lage auch bei gro\u00dfen Bauteilen enge Toleranzen einzuhalten.<\/p>\n<\/div>\n<\/div><\/div><\/div><div id=\"pgc-24-1-1\"  class=\"panel-grid-cell\" ><div id=\"panel-24-1-1-0\" class=\"so-panel widget widget_sow-editor panel-first-child\" data-index=\"2\" ><div\n\t\t\t\n\t\t\tclass=\"so-widget-sow-editor so-widget-sow-editor-base\"\n\t\t\t\n\t\t>\n<div class=\"siteorigin-widget-tinymce textwidget\">\n\t<section id=\"builder-section-1438344314637\">\n<h1 data-cycle-log=\"false\" data-cycle-slides=\"div.builder-banner-slide\" data-cycle-swipe=\"true\" data-cycle-timeout=\"6000\" data-cycle-fx=\"scrollHorz\"><span style=\"color: #000000;\">CAD \/ CAM AUSSTATTUNG<\/span><\/h1>\n<\/section>\n<section id=\"builder-section-1438185307551\" class=\"builder-section builder-section-prev-banner builder-section-text builder-section-last builder-text-columns-1\">\n<div class=\"builder-section-content\">\n<div id=\"builder-section-1438185307551-column-1\" class=\"builder-text-column builder-text-column-1\">\n<div class=\"builder-text-content\">\n<p style=\"text-align: left;\">Die Konstruktion ist die erste Anlaufstelle in dem Fertigungprozess eines jeden Produkts. Hier wird die Planung und Auslegung des weiteren Vorgehens bestimmt. Die Konstruktionen auf CATIA V5 und die NC-Programmierung auf drei TEBIS CAD\/ CAM-Arbeitspl\u00e4tzen sind Grundlage f\u00fcr schnelle und fehlerfreie Fertigungsvorbereitung.<\/p>\n<\/div>\n<\/div>\n<\/div>\n<\/section>\n<\/div>\n<\/div><\/div><div id=\"panel-24-1-1-1\" class=\"so-panel widget widget_sow-editor panel-last-child\" data-index=\"3\" ><div\n\t\t\t\n\t\t\tclass=\"so-widget-sow-editor so-widget-sow-editor-base\"\n\t\t\t\n\t\t>\n<div class=\"siteorigin-widget-tinymce textwidget\">\n\t<section id=\"builder-section-1438185307551\" class=\"builder-section builder-section-prev-banner builder-section-text builder-section-last builder-text-columns-1\">\n<div class=\"builder-section-content\">\n<div id=\"builder-section-1438185307551-column-1\" class=\"builder-text-column builder-text-column-1\">\n<h1 class=\"builder-text-content\"><span style=\"color: #000000;\">MESSMASCHINEN<\/span><\/h1>\n<p class=\"builder-text-content\"><span style=\"color: #000000;\">Qualit\u00e4t steht f\u00fcr uns an oberster Stelle. Zur Pr\u00fcfung unserer Endprodukte stehen uns zwei Messmaschinen zur Verf\u00fcgung. Damit sind wir in der Lage Teile bis zu einer Gr\u00f6\u00dfe von 6000 x 3000 x 1800 mm zu vermessen.<\/span><\/p>\n<\/div>\n<\/div>\n<\/section>\n<\/div>\n<\/div><\/div><\/div><\/div><\/div><div id=\"pg-24-2\"  class=\"panel-grid panel-no-style\" ><div id=\"pgc-24-2-0\"  class=\"panel-grid-cell\" ><div id=\"panel-24-2-0-0\" class=\"so-panel widget widget_sow-editor panel-first-child panel-last-child\" data-index=\"4\" ><div\n\t\t\t\n\t\t\tclass=\"so-widget-sow-editor so-widget-sow-editor-base\"\n\t\t\t\n\t\t>\n<div class=\"siteorigin-widget-tinymce textwidget\">\n\t<h1><span style=\"color: #000000;\">ZERTIFIZIERUNG <\/span><\/h1>\n<p id=\"tw-target-text\" class=\"tw-data-text tw-text-large XcVN5d tw-ta\" dir=\"ltr\" data-placeholder=\"\u00dcbersetzung\">\n<\/div>\n<\/div><\/div><\/div><\/div><div id=\"pg-24-3\"  class=\"panel-grid panel-no-style\" ><div id=\"pgc-24-3-0\"  class=\"panel-grid-cell\" ><div id=\"panel-24-3-0-0\" class=\"so-panel widget widget_sow-image panel-first-child panel-last-child\" data-index=\"5\" ><div\n\t\t\t\n\t\t\tclass=\"so-widget-sow-image so-widget-sow-image-default-4e6925654b7a-24\"\n\t\t\t\n\t\t>\n<div class=\"sow-image-container\">\n\t\t<img \n\tsrc=\"https:\/\/www.sepp-modellbau.de\/wp-content\/uploads\/2020\/06\/TISAX-Result-ohne-Verlauf.jpg\" width=\"1836\" height=\"1165\" srcset=\"https:\/\/www.sepp-modellbau.de\/wp-content\/uploads\/2020\/06\/TISAX-Result-ohne-Verlauf.jpg 1836w, https:\/\/www.sepp-modellbau.de\/wp-content\/uploads\/2020\/06\/TISAX-Result-ohne-Verlauf-300x190.jpg 300w, https:\/\/www.sepp-modellbau.de\/wp-content\/uploads\/2020\/06\/TISAX-Result-ohne-Verlauf-1024x650.jpg 1024w, https:\/\/www.sepp-modellbau.de\/wp-content\/uploads\/2020\/06\/TISAX-Result-ohne-Verlauf-768x487.jpg 768w, https:\/\/www.sepp-modellbau.de\/wp-content\/uploads\/2020\/06\/TISAX-Result-ohne-Verlauf-1536x975.jpg 1536w\" sizes=\"(max-width: 1836px) 100vw, 1836px\" title=\"TISAX Result ohne Verlauf\" alt=\"\" \t\tclass=\"so-widget-image\"\/>\n\t<\/div>\n\n<\/div><\/div><\/div><div id=\"pgc-24-3-1\"  class=\"panel-grid-cell\" ><div id=\"panel-24-3-1-0\" class=\"so-panel widget widget_sow-editor panel-first-child panel-last-child\" data-index=\"6\" ><div\n\t\t\t\n\t\t\tclass=\"so-widget-sow-editor so-widget-sow-editor-base\"\n\t\t\t\n\t\t>\n<div class=\"siteorigin-widget-tinymce textwidget\">\n\t<p id=\"tw-target-text\" class=\"tw-data-text tw-text-large XcVN5d tw-ta\" dir=\"ltr\" data-placeholder=\"\u00dcbersetzung\"><span lang=\"de\">F\u00fcr uns haben Vertraulichkeit, Verf\u00fcgbarkeit und Integrit\u00e4t von Informationen einen hohen Stellenwert. Wir haben umfangreiche Ma\u00dfnahmen zum Schutz sensibler und\u00a0 vertr<\/span><span lang=\"de\">aulicher <\/span><span lang=\"de\">Daten<\/span> <span lang=\"de\">e<\/span><span lang=\"de\">rgriffen und uns f\u00fcr die TISAX Label Informationen mit hohem und sehr hohem Schutzbedarf und Schutz von Prototypenteilen und -komponenten zertifizieren lassen. Die <\/span><span lang=\"de\">Bewertung wurde von einem<\/span><span lang=\"de\"> externen Pr\u00fcfungsanbieter durchgef\u00fchrt. <\/span><br \/>\n<span lang=\"de\">Das Ergebnis kann \u00fcber das ENX-Portal abgerufen werden: <a href=\"https:\/\/enx.com\/tisax\">https:\/\/enx.com\/tisax<\/a> <\/span><\/p>\n<p id=\"tw-target-text\" class=\"tw-data-text tw-text-large XcVN5d tw-ta\" dir=\"ltr\" data-placeholder=\"\u00dcbersetzung\">\n<\/p><\/div>\n<\/div><\/div><\/div><\/div><\/div>","protected":false},"excerpt":{"rendered":"<p>\u00a0\u00a0\u00a0\u00a0\u00a0\u00a0\u00a0 FR\u00c4SMASCHINEN Die Kapazit\u00e4t von acht technisch voll ausgestatteten CNC-Fr\u00e4szentren sind Garant f\u00fcr kurze Fertigungszeiten und Termintreue. Mit der Anschaffung einer Zimmermann 5-Achs Fr\u00e4smaschine haben wir die M\u00f6glichkeit Teile bis zu einer Gr\u00f6\u00dfe von 6500 x 3500 x 1750 mm und einem Gewicht von 16000 kg zu bearbeiten. Durch das neue Bearbeitungszentrum DMC-100 mit integriertem&hellip;<\/p>\n","protected":false},"author":1,"featured_media":0,"parent":0,"menu_order":4,"comment_status":"closed","ping_status":"closed","template":"","meta":{"footnotes":""},"class_list":["post-24","page","type-page","status-publish","hentry"],"_links":{"self":[{"href":"https:\/\/www.sepp-modellbau.de\/index.php\/wp-json\/wp\/v2\/pages\/24","targetHints":{"allow":["GET"]}}],"collection":[{"href":"https:\/\/www.sepp-modellbau.de\/index.php\/wp-json\/wp\/v2\/pages"}],"about":[{"href":"https:\/\/www.sepp-modellbau.de\/index.php\/wp-json\/wp\/v2\/types\/page"}],"author":[{"embeddable":true,"href":"https:\/\/www.sepp-modellbau.de\/index.php\/wp-json\/wp\/v2\/users\/1"}],"replies":[{"embeddable":true,"href":"https:\/\/www.sepp-modellbau.de\/index.php\/wp-json\/wp\/v2\/comments?post=24"}],"version-history":[{"count":3,"href":"https:\/\/www.sepp-modellbau.de\/index.php\/wp-json\/wp\/v2\/pages\/24\/revisions"}],"predecessor-version":[{"id":1516,"href":"https:\/\/www.sepp-modellbau.de\/index.php\/wp-json\/wp\/v2\/pages\/24\/revisions\/1516"}],"wp:attachment":[{"href":"https:\/\/www.sepp-modellbau.de\/index.php\/wp-json\/wp\/v2\/media?parent=24"}],"curies":[{"name":"wp","href":"https:\/\/api.w.org\/{rel}","templated":true}]}}