{"id":18,"date":"2015-07-29T12:29:29","date_gmt":"2015-07-29T10:29:29","guid":{"rendered":"http:\/\/s567187253.online.de\/clickandbuilds\/test45\/?page_id=18"},"modified":"2023-06-10T20:58:04","modified_gmt":"2023-06-10T18:58:04","slug":"portfolio","status":"publish","type":"page","link":"https:\/\/www.sepp-modellbau.de\/index.php\/portfolio\/","title":{"rendered":"Portfolio"},"content":{"rendered":"<div id=\"pl-18\"  class=\"panel-layout\" ><div id=\"pg-18-0\"  class=\"panel-grid panel-has-style\" ><div class=\"so-parallax siteorigin-panels-stretch panel-row-style panel-row-style-for-18-0\" data-stretch-type=\"full\" ><img fetchpriority=\"high\" decoding=\"async\" width=\"2400\" height=\"960\" src=\"https:\/\/www.sepp-modellbau.de\/wp-content\/uploads\/2017\/06\/2-7920.jpg\" class=\"attachment-full size-full\" alt=\"\" data-siteorigin-parallax=\"true\" loading=\"eager\" srcset=\"https:\/\/www.sepp-modellbau.de\/wp-content\/uploads\/2017\/06\/2-7920.jpg 2400w, https:\/\/www.sepp-modellbau.de\/wp-content\/uploads\/2017\/06\/2-7920-300x120.jpg 300w, https:\/\/www.sepp-modellbau.de\/wp-content\/uploads\/2017\/06\/2-7920-768x307.jpg 768w, https:\/\/www.sepp-modellbau.de\/wp-content\/uploads\/2017\/06\/2-7920-1024x410.jpg 1024w\" sizes=\"(max-width: 2400px) 100vw, 2400px\" \/><div id=\"pgc-18-0-0\"  class=\"panel-grid-cell\" ><div id=\"panel-18-0-0-0\" class=\"so-panel widget widget_sow-editor panel-first-child panel-last-child\" data-index=\"0\" ><div\n\t\t\t\n\t\t\tclass=\"so-widget-sow-editor so-widget-sow-editor-base\"\n\t\t\t\n\t\t>\n<div class=\"siteorigin-widget-tinymce textwidget\">\n\t<p>\u00a0<\/p>\n<p>\u00a0<\/p>\n<p>\u00a0<\/p>\n<p>\u00a0<\/p>\n<p>\u00a0<\/p>\n<p>\u00a0<\/p>\n<p>\u00a0<\/p>\n<\/div>\n<\/div><\/div><\/div><\/div><\/div><div id=\"pg-18-1\"  class=\"panel-grid panel-has-style\" ><div class=\"siteorigin-panels-stretch panel-row-style panel-row-style-for-18-1\" data-stretch-type=\"full\" ><div id=\"pgc-18-1-0\"  class=\"panel-grid-cell\" ><div id=\"panel-18-1-0-0\" class=\"so-panel widget widget_sow-editor panel-first-child panel-last-child\" data-index=\"1\" ><div\n\t\t\t\n\t\t\tclass=\"so-widget-sow-editor so-widget-sow-editor-base\"\n\t\t\t\n\t\t>\n<div class=\"siteorigin-widget-tinymce textwidget\">\n\t<h1><span style=\"color: #000000;\">MODELLBAU<\/span><\/h1>\n<section id=\"builder-section-1438185259881\" class=\"builder-section builder-section-prev-banner builder-section-text builder-section-last builder-text-columns-1\">\n<div class=\"builder-section-content\">\n<div id=\"builder-section-1438185259881-column-1\" class=\"builder-text-column builder-text-column-1\">\n<p class=\"builder-text-content\"><span style=\"color: #000000;\">Durch die Anschaffung eines Clayofens ist es uns m\u00f6glich Designmodelle bis zu einer Gr\u00f6\u00dfe eines kompletten Fahrzeugs f\u00fcr Sie zu fertigen. Dabei ist uns die richtige Verarbeitung der Materialien, sowie der sorgf\u00e4ltige Umgang mit Ihren Produkten besonders wichtig.<\/span><\/p>\n<p class=\"builder-text-content\">Au\u00dferdem stellen unsere Modellbauer mit gro\u00dfer Sorgfalt pr\u00e4sentationsfertige Designmodelle, wie z.B. Sitzkisten oder Lenkr\u00e4der, her.<\/p>\n<p class=\"builder-text-content\"><span style=\"color: #000000;\">Wir konstruieren f\u00fcr Sie komplette Gussmodelleinrichtungen in Absprache mit den jeweiligen Gie\u00dfereien. Cubingmodelle und Pr\u00fcflehren planen und fertigen wir aus jedem gew\u00fcnschten Material, vom Ureol bis zum geh\u00e4rteten Stahl.<\/span><\/p>\n<\/div>\n<\/div>\n<\/section>\n<p><span style=\"color: #000000;\">\u00a0<\/span><\/p>\n<\/div>\n<\/div><\/div><\/div><div id=\"pgc-18-1-1\"  class=\"panel-grid-cell\" ><div id=\"panel-18-1-1-0\" class=\"so-panel widget widget_sow-editor panel-first-child\" data-index=\"2\" ><div\n\t\t\t\n\t\t\tclass=\"so-widget-sow-editor so-widget-sow-editor-base\"\n\t\t\t\n\t\t>\n<div class=\"siteorigin-widget-tinymce textwidget\">\n\t<h1><span style=\"color: #000000;\">FORMENBAU<\/span><\/h1>\n<p><span style=\"color: #000000;\">Unser Team plant und fertigt mit modernster technischer Ausstattung Werkzeuge zum Blechumformen, Laminieren oder Tiefziehen. Dabei stellen wir auf Ihre Anforderungen zugeschnittene Werkzeuge bis zu einer Gr\u00f6\u00dfe von 2000 x 4000 mm und einem Gewicht von 16000 kg her.<br \/><\/span><\/p>\n<\/div>\n<\/div><\/div><div id=\"panel-18-1-1-1\" class=\"so-panel widget widget_sow-editor panel-last-child\" data-index=\"3\" ><div\n\t\t\t\n\t\t\tclass=\"so-widget-sow-editor so-widget-sow-editor-base\"\n\t\t\t\n\t\t>\n<div class=\"siteorigin-widget-tinymce textwidget\">\n\t<h1>EINZEL- UND SERIENFERTIGUNG<\/h1>\n<p><span style=\"color: #000000;\">Wir fertigen Einzelteile f\u00fcr den Prototypenbau und Serien bis 500 St\u00fcck. F\u00fcr Sie \u00fcbernehmen wir gerne die komplette Oberfl\u00e4chenbehandlung und die Montage ganzer Baugruppen. Sie erhalten so von uns einbaufertige Komponenten nach Ihren Zeichnungen und Daten.<\/span><\/p>\n<\/div>\n<\/div><\/div><\/div><\/div><\/div><div id=\"pg-18-2\"  class=\"panel-grid panel-has-style\" ><div class=\"siteorigin-panels-stretch panel-row-style panel-row-style-for-18-2\" data-stretch-type=\"full\" ><div id=\"pgc-18-2-0\"  class=\"panel-grid-cell\" ><div id=\"panel-18-2-0-0\" class=\"so-panel widget widget_sow-editor panel-first-child\" data-index=\"4\" ><div\n\t\t\t\n\t\t\tclass=\"so-widget-sow-editor so-widget-sow-editor-base\"\n\t\t\t\n\t\t>\n<div class=\"siteorigin-widget-tinymce textwidget\">\n\t<h1><span style=\"color: #000000;\">KUNDEN<\/span><\/h1>\n<section id=\"builder-section-1438185259881\" class=\"builder-section builder-section-prev-banner builder-section-text builder-section-last builder-text-columns-1\">\n<div class=\"builder-section-content\">\n<p id=\"builder-section-1438185259881-column-1\" class=\"builder-text-column builder-text-column-1\"><span style=\"color: #000000;\">Der Kunde steht f\u00fcr uns an erster Stelle. Deshalb ist es unser Ziel Produkte genau nach Ihren Vorstellungen und zu Ihrer vollsten Zufriedenheit zu fertigen. Das Vertrauen, das uns langj\u00e4hrige Kunden aus Deutschland und der Welt entgegenbringen, beweist unseren Erfolg.<\/span><\/p>\n<\/div>\n<\/section>\n<\/div>\n<\/div><\/div><div id=\"panel-18-2-0-1\" class=\"so-panel widget widget_sow-button panel-last-child\" data-index=\"5\" ><div\n\t\t\t\n\t\t\tclass=\"so-widget-sow-button so-widget-sow-button-wire-2cfc30c770ff-18\"\n\t\t\t\n\t\t><div class=\"ow-button-base ow-button-align-left\"\n>\n\t\t\t<a\n\t\t\t\t\thref=\"https:\/\/www.sepp-modellbau.de\/index.php\/kontakt\/\"\n\t\t\t\t\tclass=\"sowb-button ow-icon-placement-left ow-button-hover\" \t>\n\t\t<span>\n\t\t\t\n\t\t\tKONTAKTIEREN SIE UNS\t\t<\/span>\n\t\t\t<\/a>\n\t<\/div>\n<\/div><\/div><\/div><div id=\"pgc-18-2-1\"  class=\"panel-grid-cell\" ><div id=\"panel-18-2-1-0\" class=\"so-panel widget widget_sow-image-grid panel-first-child panel-last-child\" data-index=\"6\" ><div\n\t\t\t\n\t\t\tclass=\"so-widget-sow-image-grid so-widget-sow-image-grid-default-02ee4823e73d-18\"\n\t\t\t\n\t\t>\t<div\n\t\tclass=\"sow-image-grid-wrapper\"\n\t\tdata-max-width=\"125\"\t\tdata-max-height=\"125\"\t>\n\t\t\t\t\t<div class=\"sow-image-grid-image\">\n\t\t\t\t\t\t\t\t\t\t\t\t<img loading=\"lazy\" decoding=\"async\" width=\"150\" height=\"150\" src=\"https:\/\/www.sepp-modellbau.de\/wp-content\/uploads\/2017\/04\/A160188_large-150x150.jpg\" class=\"sow-image-grid-image_html\" alt=\"\" title=\"\" srcset=\"https:\/\/www.sepp-modellbau.de\/wp-content\/uploads\/2017\/04\/A160188_large-150x150.jpg 150w, https:\/\/www.sepp-modellbau.de\/wp-content\/uploads\/2017\/04\/A160188_large-300x300.jpg 300w, https:\/\/www.sepp-modellbau.de\/wp-content\/uploads\/2017\/04\/A160188_large-100x100.jpg 100w, https:\/\/www.sepp-modellbau.de\/wp-content\/uploads\/2017\/04\/A160188_large.jpg 400w\" sizes=\"auto, (max-width: 150px) 100vw, 150px\" \/>\t\t\t\t\t\t\t\t\t\t\t<\/div>\n\t\t\t\t\t<div class=\"sow-image-grid-image\">\n\t\t\t\t\t\t\t\t\t\t\t\t<img loading=\"lazy\" decoding=\"async\" width=\"150\" height=\"150\" src=\"https:\/\/www.sepp-modellbau.de\/wp-content\/uploads\/2015\/07\/bmw-150x150.jpg\" class=\"sow-image-grid-image_html\" alt=\"\" title=\"\" srcset=\"https:\/\/www.sepp-modellbau.de\/wp-content\/uploads\/2015\/07\/bmw-150x150.jpg 150w, https:\/\/www.sepp-modellbau.de\/wp-content\/uploads\/2015\/07\/bmw-300x300.jpg 300w, https:\/\/www.sepp-modellbau.de\/wp-content\/uploads\/2015\/07\/bmw-100x100.jpg 100w, https:\/\/www.sepp-modellbau.de\/wp-content\/uploads\/2015\/07\/bmw.jpg 400w\" sizes=\"auto, (max-width: 150px) 100vw, 150px\" \/>\t\t\t\t\t\t\t\t\t\t\t<\/div>\n\t\t\t\t\t<div class=\"sow-image-grid-image\">\n\t\t\t\t\t\t\t\t\t\t\t\t<img loading=\"lazy\" decoding=\"async\" width=\"150\" height=\"150\" src=\"https:\/\/www.sepp-modellbau.de\/wp-content\/uploads\/2017\/04\/IAC-150x150.png\" class=\"sow-image-grid-image_html\" alt=\"\" title=\"\" srcset=\"https:\/\/www.sepp-modellbau.de\/wp-content\/uploads\/2017\/04\/IAC-150x150.png 150w, https:\/\/www.sepp-modellbau.de\/wp-content\/uploads\/2017\/04\/IAC-300x300.png 300w, https:\/\/www.sepp-modellbau.de\/wp-content\/uploads\/2017\/04\/IAC-100x100.png 100w, https:\/\/www.sepp-modellbau.de\/wp-content\/uploads\/2017\/04\/IAC.png 400w\" sizes=\"auto, (max-width: 150px) 100vw, 150px\" \/>\t\t\t\t\t\t\t\t\t\t\t<\/div>\n\t\t\t\t\t<div class=\"sow-image-grid-image\">\n\t\t\t\t\t\t\t\t\t\t\t\t<img loading=\"lazy\" decoding=\"async\" width=\"150\" height=\"150\" src=\"https:\/\/www.sepp-modellbau.de\/wp-content\/uploads\/2015\/07\/Orbit1-150x150.png\" class=\"sow-image-grid-image_html\" alt=\"\" title=\"\" srcset=\"https:\/\/www.sepp-modellbau.de\/wp-content\/uploads\/2015\/07\/Orbit1-150x150.png 150w, https:\/\/www.sepp-modellbau.de\/wp-content\/uploads\/2015\/07\/Orbit1-300x300.png 300w, https:\/\/www.sepp-modellbau.de\/wp-content\/uploads\/2015\/07\/Orbit1-100x100.png 100w, https:\/\/www.sepp-modellbau.de\/wp-content\/uploads\/2015\/07\/Orbit1.png 400w\" sizes=\"auto, (max-width: 150px) 100vw, 150px\" \/>\t\t\t\t\t\t\t\t\t\t\t<\/div>\n\t\t\t\t\t<div class=\"sow-image-grid-image\">\n\t\t\t\t\t\t\t\t\t\t\t\t<img loading=\"lazy\" decoding=\"async\" width=\"150\" height=\"150\" src=\"https:\/\/www.sepp-modellbau.de\/wp-content\/uploads\/2017\/04\/Kiefel-150x150.png\" class=\"sow-image-grid-image_html\" alt=\"\" title=\"\" srcset=\"https:\/\/www.sepp-modellbau.de\/wp-content\/uploads\/2017\/04\/Kiefel-150x150.png 150w, https:\/\/www.sepp-modellbau.de\/wp-content\/uploads\/2017\/04\/Kiefel-300x300.png 300w, https:\/\/www.sepp-modellbau.de\/wp-content\/uploads\/2017\/04\/Kiefel-100x100.png 100w, https:\/\/www.sepp-modellbau.de\/wp-content\/uploads\/2017\/04\/Kiefel.png 400w\" sizes=\"auto, (max-width: 150px) 100vw, 150px\" \/>\t\t\t\t\t\t\t\t\t\t\t<\/div>\n\t\t\t\t\t<div class=\"sow-image-grid-image\">\n\t\t\t\t\t\t\t\t\t\t\t\t<img loading=\"lazy\" decoding=\"async\" width=\"150\" height=\"150\" src=\"https:\/\/www.sepp-modellbau.de\/wp-content\/uploads\/2017\/04\/Carbotech-150x150.png\" class=\"sow-image-grid-image_html\" alt=\"\" title=\"\" srcset=\"https:\/\/www.sepp-modellbau.de\/wp-content\/uploads\/2017\/04\/Carbotech-150x150.png 150w, https:\/\/www.sepp-modellbau.de\/wp-content\/uploads\/2017\/04\/Carbotech-300x300.png 300w, https:\/\/www.sepp-modellbau.de\/wp-content\/uploads\/2017\/04\/Carbotech-100x100.png 100w, https:\/\/www.sepp-modellbau.de\/wp-content\/uploads\/2017\/04\/Carbotech.png 400w\" sizes=\"auto, (max-width: 150px) 100vw, 150px\" \/>\t\t\t\t\t\t\t\t\t\t\t<\/div>\n\t\t\t\t\t<div class=\"sow-image-grid-image\">\n\t\t\t\t\t\t\t\t\t\t\t\t<img loading=\"lazy\" decoding=\"async\" width=\"150\" height=\"150\" src=\"https:\/\/www.sepp-modellbau.de\/wp-content\/uploads\/2017\/04\/FRIMO-150x150.png\" class=\"sow-image-grid-image_html\" alt=\"\" title=\"\" srcset=\"https:\/\/www.sepp-modellbau.de\/wp-content\/uploads\/2017\/04\/FRIMO-150x150.png 150w, https:\/\/www.sepp-modellbau.de\/wp-content\/uploads\/2017\/04\/FRIMO-300x300.png 300w, https:\/\/www.sepp-modellbau.de\/wp-content\/uploads\/2017\/04\/FRIMO-100x100.png 100w, https:\/\/www.sepp-modellbau.de\/wp-content\/uploads\/2017\/04\/FRIMO.png 400w\" sizes=\"auto, (max-width: 150px) 100vw, 150px\" \/>\t\t\t\t\t\t\t\t\t\t\t<\/div>\n\t\t\t\t\t<div class=\"sow-image-grid-image\">\n\t\t\t\t\t\t\t\t\t\t\t\t<img loading=\"lazy\" decoding=\"async\" width=\"150\" height=\"150\" src=\"https:\/\/www.sepp-modellbau.de\/wp-content\/uploads\/2023\/06\/Antenna-400x400-1-150x150.png\" class=\"sow-image-grid-image_html\" alt=\"\" title=\"Antenna 400&#215;400\" srcset=\"https:\/\/www.sepp-modellbau.de\/wp-content\/uploads\/2023\/06\/Antenna-400x400-1-150x150.png 150w, https:\/\/www.sepp-modellbau.de\/wp-content\/uploads\/2023\/06\/Antenna-400x400-1-300x300.png 300w, https:\/\/www.sepp-modellbau.de\/wp-content\/uploads\/2023\/06\/Antenna-400x400-1.png 400w\" sizes=\"auto, (max-width: 150px) 100vw, 150px\" \/>\t\t\t\t\t\t\t\t\t\t\t<\/div>\n\t\t\t<\/div>\n<\/div><\/div><\/div><\/div><\/div><\/div>","protected":false},"excerpt":{"rendered":"<p>\u00a0\u00a0\u00a0\u00a0\u00a0\u00a0\u00a0 MODELLBAUDurch die Anschaffung eines Clayofens ist es uns m\u00f6glich Designmodelle bis zu einer Gr\u00f6\u00dfe eines kompletten Fahrzeugs f\u00fcr Sie zu fertigen. Dabei ist uns die richtige Verarbeitung der Materialien, sowie der sorgf\u00e4ltige Umgang mit Ihren Produkten besonders wichtig.Au\u00dferdem stellen unsere Modellbauer mit gro\u00dfer Sorgfalt pr\u00e4sentationsfertige Designmodelle, wie z.B. Sitzkisten oder Lenkr\u00e4der, her.Wir konstruieren f\u00fcr&hellip;<\/p>\n","protected":false},"author":1,"featured_media":0,"parent":0,"menu_order":3,"comment_status":"closed","ping_status":"closed","template":"","meta":{"footnotes":""},"class_list":["post-18","page","type-page","status-publish","hentry"],"_links":{"self":[{"href":"https:\/\/www.sepp-modellbau.de\/index.php\/wp-json\/wp\/v2\/pages\/18","targetHints":{"allow":["GET"]}}],"collection":[{"href":"https:\/\/www.sepp-modellbau.de\/index.php\/wp-json\/wp\/v2\/pages"}],"about":[{"href":"https:\/\/www.sepp-modellbau.de\/index.php\/wp-json\/wp\/v2\/types\/page"}],"author":[{"embeddable":true,"href":"https:\/\/www.sepp-modellbau.de\/index.php\/wp-json\/wp\/v2\/users\/1"}],"replies":[{"embeddable":true,"href":"https:\/\/www.sepp-modellbau.de\/index.php\/wp-json\/wp\/v2\/comments?post=18"}],"version-history":[{"count":3,"href":"https:\/\/www.sepp-modellbau.de\/index.php\/wp-json\/wp\/v2\/pages\/18\/revisions"}],"predecessor-version":[{"id":1538,"href":"https:\/\/www.sepp-modellbau.de\/index.php\/wp-json\/wp\/v2\/pages\/18\/revisions\/1538"}],"wp:attachment":[{"href":"https:\/\/www.sepp-modellbau.de\/index.php\/wp-json\/wp\/v2\/media?parent=18"}],"curies":[{"name":"wp","href":"https:\/\/api.w.org\/{rel}","templated":true}]}}