{"id":1553,"date":"2025-07-22T10:53:46","date_gmt":"2025-07-22T08:53:46","guid":{"rendered":"http:\/\/www.sepp-modellbau.de\/?page_id=1553"},"modified":"2025-07-22T10:53:47","modified_gmt":"2025-07-22T08:53:47","slug":"cnc-fraeser-maschinenbediener-m-w-d","status":"publish","type":"page","link":"https:\/\/www.sepp-modellbau.de\/index.php\/ueber_uns\/cnc-fraeser-maschinenbediener-m-w-d\/","title":{"rendered":"CNC-FR\u00c4SER \/ MASCHINENBEDIENER (m\/w\/d)"},"content":{"rendered":"<div id=\"pl-gb1553-69fa0e43bcb68\"  class=\"panel-layout\" ><div id=\"pg-gb1553-69fa0e43bcb68-0\"  class=\"panel-grid panel-has-style\" ><div class=\"so-parallax siteorigin-panels-stretch panel-row-style panel-row-style-for-gb1553-69fa0e43bcb68-0\" data-stretch-type=\"full\" ><img fetchpriority=\"high\" decoding=\"async\" width=\"2400\" height=\"960\" src=\"https:\/\/www.sepp-modellbau.de\/wp-content\/uploads\/2015\/07\/2-7911_3.jpg\" class=\"attachment-full size-full\" alt=\"\" data-siteorigin-parallax=\"true\" loading=\"eager\" srcset=\"https:\/\/www.sepp-modellbau.de\/wp-content\/uploads\/2015\/07\/2-7911_3.jpg 2400w, https:\/\/www.sepp-modellbau.de\/wp-content\/uploads\/2015\/07\/2-7911_3-300x120.jpg 300w, https:\/\/www.sepp-modellbau.de\/wp-content\/uploads\/2015\/07\/2-7911_3-768x307.jpg 768w, https:\/\/www.sepp-modellbau.de\/wp-content\/uploads\/2015\/07\/2-7911_3-1024x410.jpg 1024w\" sizes=\"(max-width: 2400px) 100vw, 2400px\" \/><div id=\"pgc-gb1553-69fa0e43bcb68-0-0\"  class=\"panel-grid-cell\" ><div id=\"panel-gb1553-69fa0e43bcb68-0-0-0\" class=\"so-panel widget widget_sow-editor panel-first-child panel-last-child\" data-index=\"0\" ><div\n\t\t\t\n\t\t\tclass=\"so-widget-sow-editor so-widget-sow-editor-base\"\n\t\t\t\n\t\t>\n<div class=\"siteorigin-widget-tinymce textwidget\">\n\t<p>&nbsp;<\/p>\n<p>&nbsp;<\/p>\n<p>&nbsp;<\/p>\n<p>&nbsp;<\/p>\n<p>&nbsp;<\/p>\n<p>&nbsp;<\/p>\n<p>&nbsp;<\/p>\n<p>&nbsp;<\/p>\n<\/div>\n<\/div><\/div><\/div><\/div><\/div><div id=\"pg-gb1553-69fa0e43bcb68-1\"  class=\"panel-grid panel-no-style\" ><div id=\"pgc-gb1553-69fa0e43bcb68-1-0\"  class=\"panel-grid-cell\" ><div id=\"panel-gb1553-69fa0e43bcb68-1-0-0\" class=\"so-panel widget widget_sow-editor panel-first-child\" data-index=\"1\" ><div\n\t\t\t\n\t\t\tclass=\"so-widget-sow-editor so-widget-sow-editor-base\"\n\t\t\t\n\t\t>\n<div class=\"siteorigin-widget-tinymce textwidget\">\n\t<p><b>Zur Verst\u00e4rkung unseres Teams suchen wir:<\/b><\/p>\n<h1><span style=\"color: #008080;\"><b>CNC-FR\u00c4SER \/ <\/b><b>MASCHINENBEDIENER (M\/W\/D)<\/b><\/span><\/h1>\n<p><b>Stellenbeschreibung<\/b><\/p>\n<ul>\n<li>Fertigung von Kleinserienbauteilen auf einer CNC- Fr\u00e4smaschine (5-achs)<\/li>\n<li>Manuelle Nacharbeit, sowie ggf. Montage von Baugruppen<\/li>\n<li>Start: ab sofort<\/li>\n<\/ul>\n<p><b>Qualifikation<\/b><\/p>\n<ul>\n<li>Zerspanungsmechaniker bzw. Maschinenbediener (m\/w\/d) f\u00fcr CNC Fr\u00e4smaschinen oder vergleichbare Qualifikation<\/li>\n<li>Mehrj\u00e4hrige Berufserfahrung w\u00fcnschenswert<\/li>\n<li>Sicherer Umgang mit Heidenhain Steuerungen w\u00fcnschenswert<\/li>\n<li>Selbstst\u00e4ndiges und sorgf\u00e4ltiges Arbeiten nach Pl\u00e4nen, Zeichnungen und St\u00fccklisten<\/li>\n<\/ul>\n<p><b>\u00dcber uns<\/b><\/p>\n<ul>\n<li>Familiengef\u00fchrtes Unternehmen mit zukunftsorientiertem Maschinenpark<\/li>\n<li>Bewerbungen an info@sepp-modellbau.de oder direkt online<\/li>\n<\/ul>\n<\/div>\n<\/div><\/div><div id=\"panel-gb1553-69fa0e43bcb68-1-0-1\" class=\"so-panel widget widget_sow-button panel-last-child\" data-index=\"2\" ><div\n\t\t\t\n\t\t\tclass=\"so-widget-sow-button so-widget-sow-button-wire-639cd614a6e4-1553\"\n\t\t\t\n\t\t><div class=\"ow-button-base ow-button-align-left\"\n>\n\t\t\t<a\n\t\t\t\t\thref=\"https:\/\/www.sepp-modellbau.de\/index.php\/kontakt\/\"\n\t\t\t\t\tclass=\"sowb-button ow-icon-placement-left ow-button-hover\" \t>\n\t\t<span>\n\t\t\t\n\t\t\tBEWIRB DICH JETZT\t\t<\/span>\n\t\t\t<\/a>\n\t<\/div>\n<\/div><\/div><\/div><\/div><\/div>\n\n\n<p><\/p>\n","protected":false},"excerpt":{"rendered":"<p>&nbsp; &nbsp; &nbsp; &nbsp; &nbsp; &nbsp; &nbsp; &nbsp; Zur Verst\u00e4rkung unseres Teams suchen wir: CNC-FR\u00c4SER \/ MASCHINENBEDIENER (M\/W\/D) Stellenbeschreibung Fertigung von Kleinserienbauteilen auf einer CNC- Fr\u00e4smaschine (5-achs) Manuelle Nacharbeit, sowie ggf. Montage von Baugruppen Start: ab sofort Qualifikation Zerspanungsmechaniker bzw. Maschinenbediener (m\/w\/d) f\u00fcr CNC Fr\u00e4smaschinen oder vergleichbare Qualifikation Mehrj\u00e4hrige Berufserfahrung w\u00fcnschenswert Sicherer Umgang mit Heidenhain&hellip;<\/p>\n","protected":false},"author":1,"featured_media":0,"parent":5,"menu_order":5,"comment_status":"closed","ping_status":"closed","template":"","meta":{"footnotes":""},"class_list":["post-1553","page","type-page","status-publish","hentry"],"_links":{"self":[{"href":"https:\/\/www.sepp-modellbau.de\/index.php\/wp-json\/wp\/v2\/pages\/1553","targetHints":{"allow":["GET"]}}],"collection":[{"href":"https:\/\/www.sepp-modellbau.de\/index.php\/wp-json\/wp\/v2\/pages"}],"about":[{"href":"https:\/\/www.sepp-modellbau.de\/index.php\/wp-json\/wp\/v2\/types\/page"}],"author":[{"embeddable":true,"href":"https:\/\/www.sepp-modellbau.de\/index.php\/wp-json\/wp\/v2\/users\/1"}],"replies":[{"embeddable":true,"href":"https:\/\/www.sepp-modellbau.de\/index.php\/wp-json\/wp\/v2\/comments?post=1553"}],"version-history":[{"count":19,"href":"https:\/\/www.sepp-modellbau.de\/index.php\/wp-json\/wp\/v2\/pages\/1553\/revisions"}],"predecessor-version":[{"id":1624,"href":"https:\/\/www.sepp-modellbau.de\/index.php\/wp-json\/wp\/v2\/pages\/1553\/revisions\/1624"}],"up":[{"embeddable":true,"href":"https:\/\/www.sepp-modellbau.de\/index.php\/wp-json\/wp\/v2\/pages\/5"}],"wp:attachment":[{"href":"https:\/\/www.sepp-modellbau.de\/index.php\/wp-json\/wp\/v2\/media?parent=1553"}],"curies":[{"name":"wp","href":"https:\/\/api.w.org\/{rel}","templated":true}]}}