{"id":1544,"date":"2025-07-22T10:52:41","date_gmt":"2025-07-22T08:52:41","guid":{"rendered":"http:\/\/www.sepp-modellbau.de\/?page_id=1544"},"modified":"2025-07-22T10:56:50","modified_gmt":"2025-07-22T08:56:50","slug":"karriere","status":"publish","type":"page","link":"https:\/\/www.sepp-modellbau.de\/index.php\/ueber_uns\/karriere\/","title":{"rendered":"KARRIERE"},"content":{"rendered":"<div id=\"pl-gb1544-69f9f5c4673d7\"  class=\"panel-layout wp-block-siteorigin-panels-layout-block\" ><div id=\"pg-gb1544-69f9f5c4673d7-0\"  class=\"panel-grid panel-has-style\" ><div class=\"so-parallax siteorigin-panels-stretch panel-row-style panel-row-style-for-gb1544-69f9f5c4673d7-0\" data-stretch-type=\"full\" ><img fetchpriority=\"high\" decoding=\"async\" width=\"4159\" height=\"1757\" src=\"https:\/\/www.sepp-modellbau.de\/wp-content\/uploads\/2017\/03\/IMG_20170317_151516_v1-e1489765449788.jpg\" class=\"attachment-full size-full\" alt=\"\" data-siteorigin-parallax=\"true\" loading=\"eager\" srcset=\"https:\/\/www.sepp-modellbau.de\/wp-content\/uploads\/2017\/03\/IMG_20170317_151516_v1-e1489765449788.jpg 4159w, https:\/\/www.sepp-modellbau.de\/wp-content\/uploads\/2017\/03\/IMG_20170317_151516_v1-e1489765449788-300x127.jpg 300w, https:\/\/www.sepp-modellbau.de\/wp-content\/uploads\/2017\/03\/IMG_20170317_151516_v1-e1489765449788-768x324.jpg 768w, https:\/\/www.sepp-modellbau.de\/wp-content\/uploads\/2017\/03\/IMG_20170317_151516_v1-e1489765449788-1024x433.jpg 1024w\" sizes=\"(max-width: 4159px) 100vw, 4159px\" \/><div id=\"pgc-gb1544-69f9f5c4673d7-0-0\"  class=\"panel-grid-cell\" ><div id=\"panel-gb1544-69f9f5c4673d7-0-0-0\" class=\"so-panel widget widget_sow-editor panel-first-child panel-last-child\" data-index=\"0\" ><div\n\t\t\t\n\t\t\tclass=\"so-widget-sow-editor so-widget-sow-editor-base\"\n\t\t\t\n\t\t><h3 class=\"widget-title\"> <\/h3>\n<div class=\"siteorigin-widget-tinymce textwidget\">\n\t<p>&nbsp;<\/p>\n<p>&nbsp;<\/p>\n<p>&nbsp;<\/p>\n<p>&nbsp;<\/p>\n<p>&nbsp;<\/p>\n<p>&nbsp;<\/p>\n<p>&nbsp;<\/p>\n<\/div>\n<\/div><\/div><\/div><\/div><\/div><div id=\"pg-gb1544-69f9f5c4673d7-1\"  class=\"panel-grid panel-no-style\" ><div id=\"pgc-gb1544-69f9f5c4673d7-1-0\"  class=\"panel-grid-cell\" ><div id=\"panel-gb1544-69f9f5c4673d7-1-0-0\" class=\"so-panel widget widget_sow-editor panel-first-child\" data-index=\"1\" ><div\n\t\t\t\n\t\t\tclass=\"so-widget-sow-editor so-widget-sow-editor-base\"\n\t\t\t\n\t\t>\n<div class=\"siteorigin-widget-tinymce textwidget\">\n\t<h1>OFFENE STELLEN<\/h1>\n<p><span style=\"color: #000000;\">Hier findest du unsere aktuellen Stellenausschreibungen. <\/span>Wir freuen uns auf deine Bewerbung. Sende sie ganz einfach als PDF an info@sepp-modellbau.de oder <a href=\"https:\/\/www.sepp-modellbau.de\/index.php\/kontakt\/\">bewirb dich direkt online &gt;&gt;<\/a><\/p>\n<\/div>\n<\/div><\/div><div id=\"panel-gb1544-69f9f5c4673d7-1-0-1\" class=\"so-panel widget widget_sow-button panel-last-child\" data-index=\"2\" ><div\n\t\t\t\n\t\t\tclass=\"so-widget-sow-button so-widget-sow-button-wire-f466a4696ce2-1544\"\n\t\t\t\n\t\t><div class=\"ow-button-base ow-button-align-left\"\n>\n\t\t\t<a\n\t\t\t\t\thref=\"https:\/\/www.sepp-modellbau.de\/index.php\/ueber_uns\/cnc-fraeser-maschinenbediener-m-w-d\/\"\n\t\t\t\t\tclass=\"sowb-button ow-icon-placement-left ow-button-hover\" \t>\n\t\t<span>\n\t\t\t\n\t\t\tCNC-FR\u00c4SER \/ MASCHINENBEDIENER (M\/W\/D)\t\t<\/span>\n\t\t\t<\/a>\n\t<\/div>\n<\/div><\/div><\/div><\/div><div id=\"pg-gb1544-69f9f5c4673d7-2\"  class=\"panel-grid panel-no-style\" ><div id=\"pgc-gb1544-69f9f5c4673d7-2-0\"  class=\"panel-grid-cell\" ><div id=\"panel-gb1544-69f9f5c4673d7-2-0-0\" class=\"so-panel widget widget_sow-editor panel-first-child panel-last-child\" data-index=\"3\" ><div\n\t\t\t\n\t\t\tclass=\"so-widget-sow-editor so-widget-sow-editor-base\"\n\t\t\t\n\t\t>\n<div class=\"siteorigin-widget-tinymce textwidget\">\n\t<h1>AUSBILDUNG BEI ERNST SEPP MODELL- UND FORMENBAU<\/h1>\n<p><span style=\"color: #000000;\">Die Ausbildung junger Menschen ist uns wichtig. Jedes Jahr suchen wir interessierte und engagierte Heranwachsende, um sie als Zerspanungsmechaniker oder technischen Modellbauer auszubilden. Aktuell befindet sich ein Jugendlicher bei uns in der Lehre. Heute k\u00f6nnen wir bereits auf 22 erfolgreich ausgebildete Gesellen zur\u00fcckblicken. Davon erhielten drei die Auszeichnung des Kammersiegers.<br \/>\n<\/span><\/p>\n<p>Du bist interessiert an einem Ausbildungsplatz oder willst uns bei einem Praktikum kennen lernen? Dann sende uns deine Bewerbung bitte per Post.<\/p>\n<\/div>\n<\/div><\/div><\/div><\/div><div id=\"pg-gb1544-69f9f5c4673d7-3\"  class=\"panel-grid panel-has-style\" ><div class=\"siteorigin-panels-stretch panel-row-style panel-row-style-for-gb1544-69f9f5c4673d7-3\" data-stretch-type=\"full\" ><div id=\"pgc-gb1544-69f9f5c4673d7-3-0\"  class=\"panel-grid-cell panel-grid-cell-mobile-last\" ><div id=\"panel-gb1544-69f9f5c4673d7-3-0-0\" class=\"so-panel widget widget_sow-editor panel-first-child\" data-index=\"4\" ><div\n\t\t\t\n\t\t\tclass=\"so-widget-sow-editor so-widget-sow-editor-base\"\n\t\t\t\n\t\t>\n<div class=\"siteorigin-widget-tinymce textwidget\">\n\t<h1><span style=\"color: #000000;\">TECHNISCHER MODELLBAUER<\/span><span style=\"color: #000000;\"><br \/>\n<\/span><\/h1>\n<p><span style=\"color: #000000;\">Ob Automobil, Flugzeug oder B\u00fcgelbrett \u2013 bevor ein Produkt zum Leben erweckt wird, m\u00fcssen Modelle angefertigt werden. Genau hier beginnt die Arbeit eines technischen Modellbauers (Fachrichtung Karosserie und Produktion). <\/span><\/p>\n<p><span style=\"color: #000000;\">Er fertigt Vorrichtungen, Pr\u00fcflehren, Prototypenteile und Modelle aus den verschiedensten Materialien an. <\/span><span style=\"color: #000000;\">Damit ist der Modellbauer ein Bindeglied zwischen Konstrukteuren, die ihre Ideen aufs Papier bringen und Ingenieuren und Technikern, die die Produktion umsetzen.<\/span><\/p>\n<\/div>\n<\/div><\/div><div id=\"panel-gb1544-69f9f5c4673d7-3-0-1\" class=\"so-panel widget widget_sow-button\" data-index=\"5\" ><div\n\t\t\t\n\t\t\tclass=\"so-widget-sow-button so-widget-sow-button-wire-f466a4696ce2-1544\"\n\t\t\t\n\t\t><div class=\"ow-button-base ow-button-align-left\"\n>\n\t\t\t<a\n\t\t\t\t\thref=\"https:\/\/www.youtube.com\/watch?v=RSk79HYKgoI&#038;list=PLZZJo2kd5osWcY0rSs1uHHkGsNhjl5IQO\"\n\t\t\t\t\tclass=\"sowb-button ow-icon-placement-left ow-button-hover\" target=\"_blank\" rel=\"noopener noreferrer\" \t>\n\t\t<span>\n\t\t\t\n\t\t\tZUM INFOFILM\t\t<\/span>\n\t\t\t<\/a>\n\t<\/div>\n<\/div><\/div><div id=\"panel-gb1544-69f9f5c4673d7-3-0-2\" class=\"so-panel widget widget_sow-button panel-last-child\" data-index=\"6\" ><div\n\t\t\t\n\t\t\tclass=\"so-widget-sow-button so-widget-sow-button-wire-f466a4696ce2-1544\"\n\t\t\t\n\t\t><div class=\"ow-button-base ow-button-align-left\"\n>\n\t\t\t<a\n\t\t\t\t\thref=\"https:\/\/www.sepp-modellbau.de\/index.php\/kontakt\/\"\n\t\t\t\t\tclass=\"sowb-button ow-icon-placement-left ow-button-hover\" \t>\n\t\t<span>\n\t\t\t\n\t\t\tBEWIRB DICH JETZT\t\t<\/span>\n\t\t\t<\/a>\n\t<\/div>\n<\/div><\/div><\/div><div id=\"pgc-gb1544-69f9f5c4673d7-3-1\"  class=\"panel-grid-cell panel-grid-cell-empty\" ><\/div><\/div><\/div><div id=\"pg-gb1544-69f9f5c4673d7-4\"  class=\"panel-grid panel-has-style\" ><div class=\"siteorigin-panels-stretch panel-row-style panel-row-style-for-gb1544-69f9f5c4673d7-4\" data-stretch-type=\"full\" ><div id=\"pgc-gb1544-69f9f5c4673d7-4-0\"  class=\"panel-grid-cell panel-grid-cell-mobile-last\" ><div id=\"panel-gb1544-69f9f5c4673d7-4-0-0\" class=\"so-panel widget widget_sow-editor panel-first-child\" data-index=\"7\" ><div\n\t\t\t\n\t\t\tclass=\"so-widget-sow-editor so-widget-sow-editor-base\"\n\t\t\t\n\t\t>\n<div class=\"siteorigin-widget-tinymce textwidget\">\n\t<h1><span style=\"color: #000000;\">ZERSPANUNGSMECHANIKER<\/span><\/h1>\n<p><span style=\"color: #000000;\">Als Zerspanungsmechaniker (Fachrichtung Fr\u00e4stechnik) arbeitest du an CNC gesteuerten Dreh-, Fr\u00e4s- oder Bohrmaschinen und fertigst so Pr\u00e4zisionsteile, die bis auf den Hundertstelmillimeter genau sind. Pr\u00e4zision und Sorgfalt sind bei dieser Arbeit das oberste Gebot. <\/span><\/p>\n<p><span style=\"color: #000000;\">In der Ausbildung zum Zerspanungsmechaniker lernst du Teile herzustellen, indem du Programme f\u00fcr diese Maschinen erstellst und sie selbst\u00e4ndig bedienst.<\/span><\/p>\n<\/div>\n<\/div><\/div><div id=\"panel-gb1544-69f9f5c4673d7-4-0-1\" class=\"so-panel widget widget_sow-button panel-last-child\" data-index=\"8\" ><div\n\t\t\t\n\t\t\tclass=\"so-widget-sow-button so-widget-sow-button-wire-f466a4696ce2-1544\"\n\t\t\t\n\t\t><div class=\"ow-button-base ow-button-align-left\"\n>\n\t\t\t<a\n\t\t\t\t\thref=\"https:\/\/www.sepp-modellbau.de\/index.php\/kontakt\/\"\n\t\t\t\t\tclass=\"sowb-button ow-icon-placement-left ow-button-hover\" \t>\n\t\t<span>\n\t\t\t\n\t\t\tBEWIRB DICH JETZT\t\t<\/span>\n\t\t\t<\/a>\n\t<\/div>\n<\/div><\/div><\/div><div id=\"pgc-gb1544-69f9f5c4673d7-4-1\"  class=\"panel-grid-cell panel-grid-cell-empty\" ><\/div><\/div><\/div><\/div>","protected":false},"excerpt":{"rendered":"<p>&nbsp; &nbsp; &nbsp; &nbsp; &nbsp; &nbsp; &nbsp; OFFENE STELLEN Hier findest du unsere aktuellen Stellenausschreibungen. Wir freuen uns auf deine Bewerbung. Sende sie ganz einfach als PDF an info@sepp-modellbau.de oder bewirb dich direkt online &gt;&gt;<\/p>\n","protected":false},"author":1,"featured_media":0,"parent":5,"menu_order":4,"comment_status":"closed","ping_status":"closed","template":"","meta":{"footnotes":""},"class_list":["post-1544","page","type-page","status-publish","hentry"],"_links":{"self":[{"href":"https:\/\/www.sepp-modellbau.de\/index.php\/wp-json\/wp\/v2\/pages\/1544","targetHints":{"allow":["GET"]}}],"collection":[{"href":"https:\/\/www.sepp-modellbau.de\/index.php\/wp-json\/wp\/v2\/pages"}],"about":[{"href":"https:\/\/www.sepp-modellbau.de\/index.php\/wp-json\/wp\/v2\/types\/page"}],"author":[{"embeddable":true,"href":"https:\/\/www.sepp-modellbau.de\/index.php\/wp-json\/wp\/v2\/users\/1"}],"replies":[{"embeddable":true,"href":"https:\/\/www.sepp-modellbau.de\/index.php\/wp-json\/wp\/v2\/comments?post=1544"}],"version-history":[{"count":23,"href":"https:\/\/www.sepp-modellbau.de\/index.php\/wp-json\/wp\/v2\/pages\/1544\/revisions"}],"predecessor-version":[{"id":1629,"href":"https:\/\/www.sepp-modellbau.de\/index.php\/wp-json\/wp\/v2\/pages\/1544\/revisions\/1629"}],"up":[{"embeddable":true,"href":"https:\/\/www.sepp-modellbau.de\/index.php\/wp-json\/wp\/v2\/pages\/5"}],"wp:attachment":[{"href":"https:\/\/www.sepp-modellbau.de\/index.php\/wp-json\/wp\/v2\/media?parent=1544"}],"curies":[{"name":"wp","href":"https:\/\/api.w.org\/{rel}","templated":true}]}}